{"id":4803,"date":"2025-04-16T16:49:38","date_gmt":"2025-04-16T16:49:38","guid":{"rendered":"https:\/\/casadolivreiro.pt\/?post_type=product&#038;p=4803"},"modified":"2025-04-16T16:49:38","modified_gmt":"2025-04-16T16:49:38","slug":"massage-at-your-fingertips-a-guide-to-a-valuable-means-for-the-improvement-of-physical-and-mental-well-being","status":"publish","type":"product","link":"https:\/\/casadolivreiro.pt\/index.php\/product\/massage-at-your-fingertips-a-guide-to-a-valuable-means-for-the-improvement-of-physical-and-mental-well-being\/","title":{"rendered":"MASSAGE AT YOUR FINGERTIPS: A guide to a valuable means for the improvement of physical and mental well-being"},"content":{"rendered":"<p>MASSAGE AT YOUR FINGERTIPS: A guide to a valuable means for the improvement of physical and mental well-being<\/p>\n<p>Ano de edi\u00e7\u00e3o: 1984<\/p>\n<p>Editor: Science of Life Books, UK<\/p>\n<p>Idioma: Ingl\u00eas<\/p>\n<p>Dimens\u00f5es: 10.7 x 0.7 x 17.9 cm<\/p>\n<p>Encaderna\u00e7\u00e3o: Capa mole<\/p>\n<p>P\u00e1ginas: 76<\/p>\n","protected":false},"excerpt":{"rendered":"<p>MASSAGE AT YOUR FINGERTIPS: A guide to a valuable means for the improvement of physical and mental well-being Ano de edi\u00e7\u00e3o: 1984 Editor: Science of Life Books, UK Idioma: Ingl\u00eas Dimens\u00f5es: 10.7 x 0.7 x 17.9 cm Encaderna\u00e7\u00e3o: Capa mole P\u00e1ginas: 76<\/p>\n","protected":false},"featured_media":4804,"comment_status":"open","ping_status":"closed","template":"","meta":{"om_disable_all_campaigns":false,"_monsterinsights_skip_tracking":false,"_monsterinsights_sitenote_active":false,"_monsterinsights_sitenote_note":"","_monsterinsights_sitenote_category":0,"_uf_show_specific_survey":0,"_uf_disable_surveys":false},"product_cat":[55,66],"product_tag":[],"aioseo_notices":[],"jetpack_sharing_enabled":true,"_links":{"self":[{"href":"https:\/\/casadolivreiro.pt\/index.php\/wp-json\/wp\/v2\/product\/4803"}],"collection":[{"href":"https:\/\/casadolivreiro.pt\/index.php\/wp-json\/wp\/v2\/product"}],"about":[{"href":"https:\/\/casadolivreiro.pt\/index.php\/wp-json\/wp\/v2\/types\/product"}],"replies":[{"embeddable":true,"href":"https:\/\/casadolivreiro.pt\/index.php\/wp-json\/wp\/v2\/comments?post=4803"}],"wp:featuredmedia":[{"embeddable":true,"href":"https:\/\/casadolivreiro.pt\/index.php\/wp-json\/wp\/v2\/media\/4804"}],"wp:attachment":[{"href":"https:\/\/casadolivreiro.pt\/index.php\/wp-json\/wp\/v2\/media?parent=4803"}],"wp:term":[{"taxonomy":"product_cat","embeddable":true,"href":"https:\/\/casadolivreiro.pt\/index.php\/wp-json\/wp\/v2\/product_cat?post=4803"},{"taxonomy":"product_tag","embeddable":true,"href":"https:\/\/casadolivreiro.pt\/index.php\/wp-json\/wp\/v2\/product_tag?post=4803"}],"curies":[{"name":"wp","href":"https:\/\/api.w.org\/{rel}","templated":true}]}}