{"id":479,"date":"2024-03-13T13:50:44","date_gmt":"2024-03-13T13:50:44","guid":{"rendered":"https:\/\/casadolivreiro.pt\/?post_type=product&#038;p=479"},"modified":"2024-03-13T13:50:44","modified_gmt":"2024-03-13T13:50:44","slug":"a-vida-na-terra-david-attenborough","status":"publish","type":"product","link":"https:\/\/casadolivreiro.pt\/index.php\/product\/a-vida-na-terra-david-attenborough\/","title":{"rendered":"A VIDA NA TERRA &#8211; David Attenborough"},"content":{"rendered":"<p>A VIDA NA TERRA<br \/>\nDavid Attenborough<br \/>\nEdi\u00e7\u00e3o aumentada de selec\u00e7\u00f5es do Reader\u2019s Digest<br \/>\nEditor: Selec\u00e7\u00f5es do Reader\u2019s Digest, Lisboa<br \/>\nData de Lan\u00e7amento: 1980<br \/>\nIdioma:\u00a0 Portugu\u00eas<br \/>\nDimens\u00f5es: 26.5 x 3.2 x 26 cm<br \/>\nEncaderna\u00e7\u00e3o: Capa dura<br \/>\nP\u00e1ginas: 368<\/p>\n","protected":false},"excerpt":{"rendered":"<p>A VIDA NA TERRA David Attenborough Edi\u00e7\u00e3o aumentada de selec\u00e7\u00f5es do Reader\u2019s Digest Editor: Selec\u00e7\u00f5es do Reader\u2019s Digest, Lisboa Data de Lan\u00e7amento: 1980 Idioma:\u00a0 Portugu\u00eas Dimens\u00f5es: 26.5 x 3.2 x 26 cm Encaderna\u00e7\u00e3o: Capa dura P\u00e1ginas: 368<\/p>\n","protected":false},"featured_media":480,"comment_status":"open","ping_status":"closed","template":"","meta":{"om_disable_all_campaigns":false,"_monsterinsights_skip_tracking":false,"_monsterinsights_sitenote_active":false,"_monsterinsights_sitenote_note":"","_monsterinsights_sitenote_category":0,"_uf_show_specific_survey":0,"_uf_disable_surveys":false},"product_cat":[49,50],"product_tag":[],"aioseo_notices":[],"jetpack_sharing_enabled":true,"_links":{"self":[{"href":"https:\/\/casadolivreiro.pt\/index.php\/wp-json\/wp\/v2\/product\/479"}],"collection":[{"href":"https:\/\/casadolivreiro.pt\/index.php\/wp-json\/wp\/v2\/product"}],"about":[{"href":"https:\/\/casadolivreiro.pt\/index.php\/wp-json\/wp\/v2\/types\/product"}],"replies":[{"embeddable":true,"href":"https:\/\/casadolivreiro.pt\/index.php\/wp-json\/wp\/v2\/comments?post=479"}],"wp:featuredmedia":[{"embeddable":true,"href":"https:\/\/casadolivreiro.pt\/index.php\/wp-json\/wp\/v2\/media\/480"}],"wp:attachment":[{"href":"https:\/\/casadolivreiro.pt\/index.php\/wp-json\/wp\/v2\/media?parent=479"}],"wp:term":[{"taxonomy":"product_cat","embeddable":true,"href":"https:\/\/casadolivreiro.pt\/index.php\/wp-json\/wp\/v2\/product_cat?post=479"},{"taxonomy":"product_tag","embeddable":true,"href":"https:\/\/casadolivreiro.pt\/index.php\/wp-json\/wp\/v2\/product_tag?post=479"}],"curies":[{"name":"wp","href":"https:\/\/api.w.org\/{rel}","templated":true}]}}