{"id":4782,"date":"2025-04-16T15:37:15","date_gmt":"2025-04-16T15:37:15","guid":{"rendered":"https:\/\/casadolivreiro.pt\/?post_type=product&#038;p=4782"},"modified":"2025-04-16T15:37:15","modified_gmt":"2025-04-16T15:37:15","slug":"tudo-para-a-casa-pintura-domestica-iniciacao-e-tecnicas-decorativas","status":"publish","type":"product","link":"https:\/\/casadolivreiro.pt\/index.php\/product\/tudo-para-a-casa-pintura-domestica-iniciacao-e-tecnicas-decorativas\/","title":{"rendered":"TUDO PARA A CASA: PINTURA DOM\u00c9STICA, Inicia\u00e7\u00e3o e t\u00e9cnicas decorativas"},"content":{"rendered":"<p>TUDO PARA A CASA: PINTURA DOM\u00c9STICA, Inicia\u00e7\u00e3o e t\u00e9cnicas decorativas<\/p>\n<p>Ano de edi\u00e7\u00e3o: 2007<\/p>\n<p>Editor: Editorial Sol 90, S.L. Barcelona<\/p>\n<p>Idioma: Portugu\u00eas<\/p>\n<p>Dimens\u00f5es: 19.5 x 0.7 x 20 cm<\/p>\n<p>Encaderna\u00e7\u00e3o: Capa dura<\/p>\n<p>P\u00e1ginas: 71<\/p>\n","protected":false},"excerpt":{"rendered":"<p>TUDO PARA A CASA: PINTURA DOM\u00c9STICA, Inicia\u00e7\u00e3o e t\u00e9cnicas decorativas Ano de edi\u00e7\u00e3o: 2007 Editor: Editorial Sol 90, S.L. Barcelona Idioma: Portugu\u00eas Dimens\u00f5es: 19.5 x 0.7 x 20 cm Encaderna\u00e7\u00e3o: Capa dura P\u00e1ginas: 71<\/p>\n","protected":false},"featured_media":4783,"comment_status":"open","ping_status":"closed","template":"","meta":{"om_disable_all_campaigns":false,"_monsterinsights_skip_tracking":false,"_monsterinsights_sitenote_active":false,"_monsterinsights_sitenote_note":"","_monsterinsights_sitenote_category":0,"_uf_show_specific_survey":0,"_uf_disable_surveys":false},"product_cat":[66],"product_tag":[],"aioseo_notices":[],"jetpack_sharing_enabled":true,"_links":{"self":[{"href":"https:\/\/casadolivreiro.pt\/index.php\/wp-json\/wp\/v2\/product\/4782"}],"collection":[{"href":"https:\/\/casadolivreiro.pt\/index.php\/wp-json\/wp\/v2\/product"}],"about":[{"href":"https:\/\/casadolivreiro.pt\/index.php\/wp-json\/wp\/v2\/types\/product"}],"replies":[{"embeddable":true,"href":"https:\/\/casadolivreiro.pt\/index.php\/wp-json\/wp\/v2\/comments?post=4782"}],"wp:featuredmedia":[{"embeddable":true,"href":"https:\/\/casadolivreiro.pt\/index.php\/wp-json\/wp\/v2\/media\/4783"}],"wp:attachment":[{"href":"https:\/\/casadolivreiro.pt\/index.php\/wp-json\/wp\/v2\/media?parent=4782"}],"wp:term":[{"taxonomy":"product_cat","embeddable":true,"href":"https:\/\/casadolivreiro.pt\/index.php\/wp-json\/wp\/v2\/product_cat?post=4782"},{"taxonomy":"product_tag","embeddable":true,"href":"https:\/\/casadolivreiro.pt\/index.php\/wp-json\/wp\/v2\/product_tag?post=4782"}],"curies":[{"name":"wp","href":"https:\/\/api.w.org\/{rel}","templated":true}]}}