{"id":4752,"date":"2025-04-16T11:23:49","date_gmt":"2025-04-16T11:23:49","guid":{"rendered":"https:\/\/casadolivreiro.pt\/?post_type=product&#038;p=4752"},"modified":"2025-04-16T11:23:50","modified_gmt":"2025-04-16T11:23:50","slug":"le-grand-livre-des-prenoms-rolande-causse-jacques-le-scanff","status":"publish","type":"product","link":"https:\/\/casadolivreiro.pt\/index.php\/product\/le-grand-livre-des-prenoms-rolande-causse-jacques-le-scanff\/","title":{"rendered":"LE GRAND LIVRE DES PR\u00c9NOMS \u2013 Rolande Causse, Jacques Le Scanff"},"content":{"rendered":"<p>LE GRAND LIVRE DES PR\u00c9NOMS \u2013 Rolande Causse, Jacques Le Scanff<\/p>\n<p>Ano de edi\u00e7\u00e3o: 1972<\/p>\n<p>Editor: Hachette<\/p>\n<p>Idioma: Franc\u00eas<\/p>\n<p>Dimens\u00f5es: 20.5 x 1.7 x 28 cm<\/p>\n<p>Encaderna\u00e7\u00e3o: Capa dura<\/p>\n<p>P\u00e1ginas: 187<\/p>\n","protected":false},"excerpt":{"rendered":"<p>LE GRAND LIVRE DES PR\u00c9NOMS \u2013 Rolande Causse, Jacques Le Scanff Ano de edi\u00e7\u00e3o: 1972 Editor: Hachette Idioma: Franc\u00eas Dimens\u00f5es: 20.5 x 1.7 x 28 cm Encaderna\u00e7\u00e3o: Capa dura P\u00e1ginas: 187<\/p>\n","protected":false},"featured_media":4753,"comment_status":"open","ping_status":"closed","template":"","meta":{"om_disable_all_campaigns":false,"_monsterinsights_skip_tracking":false,"_monsterinsights_sitenote_active":false,"_monsterinsights_sitenote_note":"","_monsterinsights_sitenote_category":0,"_uf_show_specific_survey":0,"_uf_disable_surveys":false},"product_cat":[56,66],"product_tag":[],"aioseo_notices":[],"jetpack_sharing_enabled":true,"_links":{"self":[{"href":"https:\/\/casadolivreiro.pt\/index.php\/wp-json\/wp\/v2\/product\/4752"}],"collection":[{"href":"https:\/\/casadolivreiro.pt\/index.php\/wp-json\/wp\/v2\/product"}],"about":[{"href":"https:\/\/casadolivreiro.pt\/index.php\/wp-json\/wp\/v2\/types\/product"}],"replies":[{"embeddable":true,"href":"https:\/\/casadolivreiro.pt\/index.php\/wp-json\/wp\/v2\/comments?post=4752"}],"wp:featuredmedia":[{"embeddable":true,"href":"https:\/\/casadolivreiro.pt\/index.php\/wp-json\/wp\/v2\/media\/4753"}],"wp:attachment":[{"href":"https:\/\/casadolivreiro.pt\/index.php\/wp-json\/wp\/v2\/media?parent=4752"}],"wp:term":[{"taxonomy":"product_cat","embeddable":true,"href":"https:\/\/casadolivreiro.pt\/index.php\/wp-json\/wp\/v2\/product_cat?post=4752"},{"taxonomy":"product_tag","embeddable":true,"href":"https:\/\/casadolivreiro.pt\/index.php\/wp-json\/wp\/v2\/product_tag?post=4752"}],"curies":[{"name":"wp","href":"https:\/\/api.w.org\/{rel}","templated":true}]}}