{"id":4749,"date":"2025-04-16T11:14:02","date_gmt":"2025-04-16T11:14:02","guid":{"rendered":"https:\/\/casadolivreiro.pt\/?post_type=product&#038;p=4749"},"modified":"2025-04-16T11:24:35","modified_gmt":"2025-04-16T11:24:35","slug":"the-creative-art-of-flower-arrangement-lena-malouf","status":"publish","type":"product","link":"https:\/\/casadolivreiro.pt\/index.php\/product\/the-creative-art-of-flower-arrangement-lena-malouf\/","title":{"rendered":"THE CREATIVE ART OF FLOWER ARRANGEMENT \u2013 Lena Malouf"},"content":{"rendered":"<p>THE CREATIVE ART OF FLOWER ARRANGEMENT \u2013 Lena Malouf<\/p>\n<p>Ano de edi\u00e7\u00e3o: 1968<\/p>\n<p>Editor: K.G. Murray Publishing Company Pty. Ltd, Sydney NSW<\/p>\n<p>Idioma: Ingl\u00eas<\/p>\n<p>Dimens\u00f5es: 22.5 x 2 x 29 cm<\/p>\n<p>Encaderna\u00e7\u00e3o: Capa dura<\/p>\n<p>P\u00e1ginas: 182<\/p>\n","protected":false},"excerpt":{"rendered":"<p>THE CREATIVE ART OF FLOWER ARRANGEMENT \u2013 Lena Malouf Ano de edi\u00e7\u00e3o: 1968 Editor: K.G. Murray Publishing Company Pty. Ltd, Sydney NSW Idioma: Ingl\u00eas Dimens\u00f5es: 22.5 x 2 x 29 cm Encaderna\u00e7\u00e3o: Capa dura P\u00e1ginas: 182<\/p>\n","protected":false},"featured_media":4750,"comment_status":"open","ping_status":"closed","template":"","meta":{"om_disable_all_campaigns":false,"_monsterinsights_skip_tracking":false,"_monsterinsights_sitenote_active":false,"_monsterinsights_sitenote_note":"","_monsterinsights_sitenote_category":0,"_uf_show_specific_survey":0,"_uf_disable_surveys":false},"product_cat":[55,66],"product_tag":[],"aioseo_notices":[],"jetpack_sharing_enabled":true,"_links":{"self":[{"href":"https:\/\/casadolivreiro.pt\/index.php\/wp-json\/wp\/v2\/product\/4749"}],"collection":[{"href":"https:\/\/casadolivreiro.pt\/index.php\/wp-json\/wp\/v2\/product"}],"about":[{"href":"https:\/\/casadolivreiro.pt\/index.php\/wp-json\/wp\/v2\/types\/product"}],"replies":[{"embeddable":true,"href":"https:\/\/casadolivreiro.pt\/index.php\/wp-json\/wp\/v2\/comments?post=4749"}],"wp:featuredmedia":[{"embeddable":true,"href":"https:\/\/casadolivreiro.pt\/index.php\/wp-json\/wp\/v2\/media\/4750"}],"wp:attachment":[{"href":"https:\/\/casadolivreiro.pt\/index.php\/wp-json\/wp\/v2\/media?parent=4749"}],"wp:term":[{"taxonomy":"product_cat","embeddable":true,"href":"https:\/\/casadolivreiro.pt\/index.php\/wp-json\/wp\/v2\/product_cat?post=4749"},{"taxonomy":"product_tag","embeddable":true,"href":"https:\/\/casadolivreiro.pt\/index.php\/wp-json\/wp\/v2\/product_tag?post=4749"}],"curies":[{"name":"wp","href":"https:\/\/api.w.org\/{rel}","templated":true}]}}