{"id":4746,"date":"2025-04-16T11:06:56","date_gmt":"2025-04-16T11:06:56","guid":{"rendered":"https:\/\/casadolivreiro.pt\/?post_type=product&#038;p=4746"},"modified":"2025-04-16T11:06:56","modified_gmt":"2025-04-16T11:06:56","slug":"exercicios-para-as-costas-programa-de-treino-para-praticar-em-casa-inclui-dvd-crista-g-traczinski-robert-s-polster","status":"publish","type":"product","link":"https:\/\/casadolivreiro.pt\/index.php\/product\/exercicios-para-as-costas-programa-de-treino-para-praticar-em-casa-inclui-dvd-crista-g-traczinski-robert-s-polster\/","title":{"rendered":"EXERC\u00cdCIOS PARA AS COSTAS, Programa de treino para praticar em casa, Inclui DVD \u2013 Crista G. Traczinski, Robert S. Polster"},"content":{"rendered":"<p>EXERC\u00cdCIOS PARA AS COSTAS, Programa de treino para praticar em casa, Inclui DVD \u2013 Crista G. Traczinski, Robert S. Polster<\/p>\n<p>Tradu\u00e7\u00e3o de Luisa Fechner<\/p>\n<p>Ano de edi\u00e7\u00e3o:<\/p>\n<p>Editor: Naumann &amp; G\u00f6bel Verlagsgesellschaft<\/p>\n<p>Idioma: Portugu\u00eas<\/p>\n<p>Dimens\u00f5es: 21.5 x 1.7 x 26.5 cm<\/p>\n<p>Encaderna\u00e7\u00e3o: Capa dura<\/p>\n<p>P\u00e1ginas: 128<\/p>\n","protected":false},"excerpt":{"rendered":"<p>EXERC\u00cdCIOS PARA AS COSTAS, Programa de treino para praticar em casa, Inclui DVD \u2013 Crista G. Traczinski, Robert S. Polster Tradu\u00e7\u00e3o de Luisa Fechner Ano de edi\u00e7\u00e3o: Editor: Naumann &amp; G\u00f6bel Verlagsgesellschaft Idioma: Portugu\u00eas Dimens\u00f5es: 21.5 x 1.7 x 26.5 cm Encaderna\u00e7\u00e3o: Capa dura P\u00e1ginas: 128<\/p>\n","protected":false},"featured_media":4747,"comment_status":"open","ping_status":"closed","template":"","meta":{"om_disable_all_campaigns":false,"_monsterinsights_skip_tracking":false,"_monsterinsights_sitenote_active":false,"_monsterinsights_sitenote_note":"","_monsterinsights_sitenote_category":0,"_uf_show_specific_survey":0,"_uf_disable_surveys":false},"product_cat":[43,39,66],"product_tag":[],"aioseo_notices":[],"jetpack_sharing_enabled":true,"_links":{"self":[{"href":"https:\/\/casadolivreiro.pt\/index.php\/wp-json\/wp\/v2\/product\/4746"}],"collection":[{"href":"https:\/\/casadolivreiro.pt\/index.php\/wp-json\/wp\/v2\/product"}],"about":[{"href":"https:\/\/casadolivreiro.pt\/index.php\/wp-json\/wp\/v2\/types\/product"}],"replies":[{"embeddable":true,"href":"https:\/\/casadolivreiro.pt\/index.php\/wp-json\/wp\/v2\/comments?post=4746"}],"wp:featuredmedia":[{"embeddable":true,"href":"https:\/\/casadolivreiro.pt\/index.php\/wp-json\/wp\/v2\/media\/4747"}],"wp:attachment":[{"href":"https:\/\/casadolivreiro.pt\/index.php\/wp-json\/wp\/v2\/media?parent=4746"}],"wp:term":[{"taxonomy":"product_cat","embeddable":true,"href":"https:\/\/casadolivreiro.pt\/index.php\/wp-json\/wp\/v2\/product_cat?post=4746"},{"taxonomy":"product_tag","embeddable":true,"href":"https:\/\/casadolivreiro.pt\/index.php\/wp-json\/wp\/v2\/product_tag?post=4746"}],"curies":[{"name":"wp","href":"https:\/\/api.w.org\/{rel}","templated":true}]}}