{"id":4737,"date":"2025-04-16T10:41:36","date_gmt":"2025-04-16T10:41:36","guid":{"rendered":"https:\/\/casadolivreiro.pt\/?post_type=product&#038;p=4737"},"modified":"2025-04-16T10:41:36","modified_gmt":"2025-04-16T10:41:36","slug":"associacao-humanitaria-dos-bombeiros-voluntarios-da-serta-100-anos-de-vida-por-vida-1916-2016-rui-pedro-lopes","status":"publish","type":"product","link":"https:\/\/casadolivreiro.pt\/index.php\/product\/associacao-humanitaria-dos-bombeiros-voluntarios-da-serta-100-anos-de-vida-por-vida-1916-2016-rui-pedro-lopes\/","title":{"rendered":"ASSOCIA\u00c7\u00c3O HUMANIT\u00c1RIA DOS BOMBEIROS VOLUNT\u00c1RIOS DA SERT\u00c3: 100 anos de vida por vida (1916-2016) \u2013 Rui Pedro Lopes"},"content":{"rendered":"<p>ASSOCIA\u00c7\u00c3O HUMANIT\u00c1RIA DOS BOMBEIROS VOLUNT\u00c1RIOS DA SERT\u00c3: 100 anos de vida por vida (1916-2016) \u2013 Rui Pedro Lopes<\/p>\n<p>Ano de edi\u00e7\u00e3o: 2016, 1.\u00aa edi\u00e7\u00e3o<\/p>\n<p>Editor: Associa\u00e7\u00e3o humanit\u00e1ria dos bombeiros volunt\u00e1rios da Serta<\/p>\n<p>Idioma: Portugu\u00eas<\/p>\n<p>Dimens\u00f5es: 21 x 1.3 x 25.5 cm<\/p>\n<p>Encaderna\u00e7\u00e3o: Capa dura<\/p>\n<p>P\u00e1ginas: 199<\/p>\n","protected":false},"excerpt":{"rendered":"<p>ASSOCIA\u00c7\u00c3O HUMANIT\u00c1RIA DOS BOMBEIROS VOLUNT\u00c1RIOS DA SERT\u00c3: 100 anos de vida por vida (1916-2016) \u2013 Rui Pedro Lopes Ano de edi\u00e7\u00e3o: 2016, 1.\u00aa edi\u00e7\u00e3o Editor: Associa\u00e7\u00e3o humanit\u00e1ria dos bombeiros volunt\u00e1rios da Serta Idioma: Portugu\u00eas Dimens\u00f5es: 21 x 1.3 x 25.5 cm Encaderna\u00e7\u00e3o: Capa dura P\u00e1ginas: 199<\/p>\n","protected":false},"featured_media":4738,"comment_status":"open","ping_status":"closed","template":"","meta":{"om_disable_all_campaigns":false,"_monsterinsights_skip_tracking":false,"_monsterinsights_sitenote_active":false,"_monsterinsights_sitenote_note":"","_monsterinsights_sitenote_category":0,"_uf_show_specific_survey":0,"_uf_disable_surveys":false},"product_cat":[36,49,66],"product_tag":[],"aioseo_notices":[],"jetpack_sharing_enabled":true,"_links":{"self":[{"href":"https:\/\/casadolivreiro.pt\/index.php\/wp-json\/wp\/v2\/product\/4737"}],"collection":[{"href":"https:\/\/casadolivreiro.pt\/index.php\/wp-json\/wp\/v2\/product"}],"about":[{"href":"https:\/\/casadolivreiro.pt\/index.php\/wp-json\/wp\/v2\/types\/product"}],"replies":[{"embeddable":true,"href":"https:\/\/casadolivreiro.pt\/index.php\/wp-json\/wp\/v2\/comments?post=4737"}],"wp:featuredmedia":[{"embeddable":true,"href":"https:\/\/casadolivreiro.pt\/index.php\/wp-json\/wp\/v2\/media\/4738"}],"wp:attachment":[{"href":"https:\/\/casadolivreiro.pt\/index.php\/wp-json\/wp\/v2\/media?parent=4737"}],"wp:term":[{"taxonomy":"product_cat","embeddable":true,"href":"https:\/\/casadolivreiro.pt\/index.php\/wp-json\/wp\/v2\/product_cat?post=4737"},{"taxonomy":"product_tag","embeddable":true,"href":"https:\/\/casadolivreiro.pt\/index.php\/wp-json\/wp\/v2\/product_tag?post=4737"}],"curies":[{"name":"wp","href":"https:\/\/api.w.org\/{rel}","templated":true}]}}