{"id":4724,"date":"2025-04-15T15:42:03","date_gmt":"2025-04-15T15:42:03","guid":{"rendered":"https:\/\/casadolivreiro.pt\/?post_type=product&#038;p=4724"},"modified":"2025-04-15T15:42:03","modified_gmt":"2025-04-15T15:42:03","slug":"simplifica-fotografia-de-animales-una-vision-actual-mildred-stagg","status":"publish","type":"product","link":"https:\/\/casadolivreiro.pt\/index.php\/product\/simplifica-fotografia-de-animales-una-vision-actual-mildred-stagg\/","title":{"rendered":"SIMPLIFICA FOTOGRAF\u00cdA DE ANIMALES: Una vision actual \u2013 Mildred Stagg"},"content":{"rendered":"<p>SIMPLIFICA FOTOGRAF\u00cdA DE ANIMALES: Una vision actual \u2013 Mildred Stagg<\/p>\n<p>Ano de edi\u00e7\u00e3o: 1978<\/p>\n<p>Editor: Ediciones Daimon, Madrid<\/p>\n<p>Idioma: Espanhol<\/p>\n<p>Dimens\u00f5es: 19.7 x 0.6 x 25.3 cm<\/p>\n<p>Encaderna\u00e7\u00e3o: Capa mole<\/p>\n<p>P\u00e1ginas: 95<\/p>\n","protected":false},"excerpt":{"rendered":"<p>SIMPLIFICA FOTOGRAF\u00cdA DE ANIMALES: Una vision actual \u2013 Mildred Stagg Ano de edi\u00e7\u00e3o: 1978 Editor: Ediciones Daimon, Madrid Idioma: Espanhol Dimens\u00f5es: 19.7 x 0.6 x 25.3 cm Encaderna\u00e7\u00e3o: Capa mole P\u00e1ginas: 95<\/p>\n","protected":false},"featured_media":4726,"comment_status":"open","ping_status":"closed","template":"","meta":{"om_disable_all_campaigns":false,"_monsterinsights_skip_tracking":false,"_monsterinsights_sitenote_active":false,"_monsterinsights_sitenote_note":"","_monsterinsights_sitenote_category":0,"_uf_show_specific_survey":0,"_uf_disable_surveys":false},"product_cat":[24,57,66],"product_tag":[],"aioseo_notices":[],"jetpack_sharing_enabled":true,"_links":{"self":[{"href":"https:\/\/casadolivreiro.pt\/index.php\/wp-json\/wp\/v2\/product\/4724"}],"collection":[{"href":"https:\/\/casadolivreiro.pt\/index.php\/wp-json\/wp\/v2\/product"}],"about":[{"href":"https:\/\/casadolivreiro.pt\/index.php\/wp-json\/wp\/v2\/types\/product"}],"replies":[{"embeddable":true,"href":"https:\/\/casadolivreiro.pt\/index.php\/wp-json\/wp\/v2\/comments?post=4724"}],"wp:featuredmedia":[{"embeddable":true,"href":"https:\/\/casadolivreiro.pt\/index.php\/wp-json\/wp\/v2\/media\/4726"}],"wp:attachment":[{"href":"https:\/\/casadolivreiro.pt\/index.php\/wp-json\/wp\/v2\/media?parent=4724"}],"wp:term":[{"taxonomy":"product_cat","embeddable":true,"href":"https:\/\/casadolivreiro.pt\/index.php\/wp-json\/wp\/v2\/product_cat?post=4724"},{"taxonomy":"product_tag","embeddable":true,"href":"https:\/\/casadolivreiro.pt\/index.php\/wp-json\/wp\/v2\/product_tag?post=4724"}],"curies":[{"name":"wp","href":"https:\/\/api.w.org\/{rel}","templated":true}]}}