{"id":4722,"date":"2025-04-15T15:34:18","date_gmt":"2025-04-15T15:34:18","guid":{"rendered":"https:\/\/casadolivreiro.pt\/?post_type=product&#038;p=4722"},"modified":"2025-04-15T15:34:18","modified_gmt":"2025-04-15T15:34:18","slug":"ficus-bonsai-el-arte-de-dar-forma-a-la-naturaleza","status":"publish","type":"product","link":"https:\/\/casadolivreiro.pt\/index.php\/product\/ficus-bonsai-el-arte-de-dar-forma-a-la-naturaleza\/","title":{"rendered":"FICUS BONS\u00c1I: El arte de dar forma a la naturaleza"},"content":{"rendered":"<p>FICUS BONS\u00c1I: El arte de dar forma a la naturaleza<\/p>\n<p>Ano de edi\u00e7\u00e3o: 2004<\/p>\n<p>Editor: Jardin Press, S.L.<\/p>\n<p>Idioma: Espanhol<\/p>\n<p>Dimens\u00f5es: 17 x 0.2 x 24.7 cm<\/p>\n<p>Encaderna\u00e7\u00e3o: Capa mole<\/p>\n<p>P\u00e1ginas: 43<\/p>\n","protected":false},"excerpt":{"rendered":"<p>FICUS BONS\u00c1I: El arte de dar forma a la naturaleza Ano de edi\u00e7\u00e3o: 2004 Editor: Jardin Press, S.L. Idioma: Espanhol Dimens\u00f5es: 17 x 0.2 x 24.7 cm Encaderna\u00e7\u00e3o: Capa mole P\u00e1ginas: 43<\/p>\n","protected":false},"featured_media":4723,"comment_status":"open","ping_status":"closed","template":"","meta":{"om_disable_all_campaigns":false,"_monsterinsights_skip_tracking":false,"_monsterinsights_sitenote_active":false,"_monsterinsights_sitenote_note":"","_monsterinsights_sitenote_category":0,"_uf_show_specific_survey":0,"_uf_disable_surveys":false},"product_cat":[57,66],"product_tag":[],"aioseo_notices":[],"jetpack_sharing_enabled":true,"_links":{"self":[{"href":"https:\/\/casadolivreiro.pt\/index.php\/wp-json\/wp\/v2\/product\/4722"}],"collection":[{"href":"https:\/\/casadolivreiro.pt\/index.php\/wp-json\/wp\/v2\/product"}],"about":[{"href":"https:\/\/casadolivreiro.pt\/index.php\/wp-json\/wp\/v2\/types\/product"}],"replies":[{"embeddable":true,"href":"https:\/\/casadolivreiro.pt\/index.php\/wp-json\/wp\/v2\/comments?post=4722"}],"wp:featuredmedia":[{"embeddable":true,"href":"https:\/\/casadolivreiro.pt\/index.php\/wp-json\/wp\/v2\/media\/4723"}],"wp:attachment":[{"href":"https:\/\/casadolivreiro.pt\/index.php\/wp-json\/wp\/v2\/media?parent=4722"}],"wp:term":[{"taxonomy":"product_cat","embeddable":true,"href":"https:\/\/casadolivreiro.pt\/index.php\/wp-json\/wp\/v2\/product_cat?post=4722"},{"taxonomy":"product_tag","embeddable":true,"href":"https:\/\/casadolivreiro.pt\/index.php\/wp-json\/wp\/v2\/product_tag?post=4722"}],"curies":[{"name":"wp","href":"https:\/\/api.w.org\/{rel}","templated":true}]}}