{"id":4714,"date":"2025-04-15T15:14:03","date_gmt":"2025-04-15T15:14:03","guid":{"rendered":"https:\/\/casadolivreiro.pt\/?post_type=product&#038;p=4714"},"modified":"2025-04-15T15:14:04","modified_gmt":"2025-04-15T15:14:04","slug":"paredes-pavimentos-e-tectos-giancarlo-de-cesco","status":"publish","type":"product","link":"https:\/\/casadolivreiro.pt\/index.php\/product\/paredes-pavimentos-e-tectos-giancarlo-de-cesco\/","title":{"rendered":"PAREDES, PAVIMENTOS E TECTOS &#8211; Giancarlo de Cesco"},"content":{"rendered":"<p>PAREDES, PAVIMENTOS E TECTOS &#8211; Giancarlo de Cesco<\/p>\n<p>Tradu\u00e7\u00e3o de Giovani Gavaglia<\/p>\n<p>Ano de edi\u00e7\u00e3o: 1977<\/p>\n<p>Editor: Atica, Lisboa e Circulo de Leitores, Lisboa<\/p>\n<p>Idioma: Portugu\u00eas<\/p>\n<p>Dimens\u00f5es: 17 x 1 x 24 cm<\/p>\n<p>Encaderna\u00e7\u00e3o: Capa mole<\/p>\n<p>P\u00e1ginas: 96<\/p>\n","protected":false},"excerpt":{"rendered":"<p>PAREDES, PAVIMENTOS E TECTOS &#8211; Giancarlo de Cesco Tradu\u00e7\u00e3o de Giovani Gavaglia Ano de edi\u00e7\u00e3o: 1977 Editor: Atica, Lisboa e Circulo de Leitores, Lisboa Idioma: Portugu\u00eas Dimens\u00f5es: 17 x 1 x 24 cm Encaderna\u00e7\u00e3o: Capa mole P\u00e1ginas: 96<\/p>\n","protected":false},"featured_media":4715,"comment_status":"open","ping_status":"closed","template":"","meta":{"om_disable_all_campaigns":false,"_monsterinsights_skip_tracking":false,"_monsterinsights_sitenote_active":false,"_monsterinsights_sitenote_note":"","_monsterinsights_sitenote_category":0,"_uf_show_specific_survey":0,"_uf_disable_surveys":false},"product_cat":[66],"product_tag":[],"aioseo_notices":[],"jetpack_sharing_enabled":true,"_links":{"self":[{"href":"https:\/\/casadolivreiro.pt\/index.php\/wp-json\/wp\/v2\/product\/4714"}],"collection":[{"href":"https:\/\/casadolivreiro.pt\/index.php\/wp-json\/wp\/v2\/product"}],"about":[{"href":"https:\/\/casadolivreiro.pt\/index.php\/wp-json\/wp\/v2\/types\/product"}],"replies":[{"embeddable":true,"href":"https:\/\/casadolivreiro.pt\/index.php\/wp-json\/wp\/v2\/comments?post=4714"}],"wp:featuredmedia":[{"embeddable":true,"href":"https:\/\/casadolivreiro.pt\/index.php\/wp-json\/wp\/v2\/media\/4715"}],"wp:attachment":[{"href":"https:\/\/casadolivreiro.pt\/index.php\/wp-json\/wp\/v2\/media?parent=4714"}],"wp:term":[{"taxonomy":"product_cat","embeddable":true,"href":"https:\/\/casadolivreiro.pt\/index.php\/wp-json\/wp\/v2\/product_cat?post=4714"},{"taxonomy":"product_tag","embeddable":true,"href":"https:\/\/casadolivreiro.pt\/index.php\/wp-json\/wp\/v2\/product_tag?post=4714"}],"curies":[{"name":"wp","href":"https:\/\/api.w.org\/{rel}","templated":true}]}}