{"id":4712,"date":"2025-04-15T14:58:39","date_gmt":"2025-04-15T14:58:39","guid":{"rendered":"https:\/\/casadolivreiro.pt\/?post_type=product&#038;p=4712"},"modified":"2025-04-15T14:58:58","modified_gmt":"2025-04-15T14:58:58","slug":"best-black-jack-frank-scoblete","status":"publish","type":"product","link":"https:\/\/casadolivreiro.pt\/index.php\/product\/best-black-jack-frank-scoblete\/","title":{"rendered":"BEST BLACK JACK \u2013 Frank Scoblete"},"content":{"rendered":"<p>BEST BLACK JACK \u2013 Frank Scoblete<\/p>\n<p>Ano de edi\u00e7\u00e3o: 1996<\/p>\n<p>Editor: Bonus Books Inc.<\/p>\n<p>Idioma: Ingl\u00eas<\/p>\n<p>Dimens\u00f5es: 15 x 2 x 23<\/p>\n<p>Encaderna\u00e7\u00e3o: capa mole<\/p>\n<p>P\u00e1ginas: 283<\/p>\n","protected":false},"excerpt":{"rendered":"<p>BEST BLACK JACK \u2013 Frank Scoblete Ano de edi\u00e7\u00e3o: 1996 Editor: Bonus Books Inc. Idioma: Ingl\u00eas Dimens\u00f5es: 15 x 2 x 23 Encaderna\u00e7\u00e3o: capa mole P\u00e1ginas: 283<\/p>\n","protected":false},"featured_media":4713,"comment_status":"open","ping_status":"closed","template":"","meta":{"om_disable_all_campaigns":false,"_monsterinsights_skip_tracking":false,"_monsterinsights_sitenote_active":false,"_monsterinsights_sitenote_note":"","_monsterinsights_sitenote_category":0,"_uf_show_specific_survey":0,"_uf_disable_surveys":false},"product_cat":[55,66],"product_tag":[],"aioseo_notices":[],"jetpack_sharing_enabled":true,"_links":{"self":[{"href":"https:\/\/casadolivreiro.pt\/index.php\/wp-json\/wp\/v2\/product\/4712"}],"collection":[{"href":"https:\/\/casadolivreiro.pt\/index.php\/wp-json\/wp\/v2\/product"}],"about":[{"href":"https:\/\/casadolivreiro.pt\/index.php\/wp-json\/wp\/v2\/types\/product"}],"replies":[{"embeddable":true,"href":"https:\/\/casadolivreiro.pt\/index.php\/wp-json\/wp\/v2\/comments?post=4712"}],"wp:featuredmedia":[{"embeddable":true,"href":"https:\/\/casadolivreiro.pt\/index.php\/wp-json\/wp\/v2\/media\/4713"}],"wp:attachment":[{"href":"https:\/\/casadolivreiro.pt\/index.php\/wp-json\/wp\/v2\/media?parent=4712"}],"wp:term":[{"taxonomy":"product_cat","embeddable":true,"href":"https:\/\/casadolivreiro.pt\/index.php\/wp-json\/wp\/v2\/product_cat?post=4712"},{"taxonomy":"product_tag","embeddable":true,"href":"https:\/\/casadolivreiro.pt\/index.php\/wp-json\/wp\/v2\/product_tag?post=4712"}],"curies":[{"name":"wp","href":"https:\/\/api.w.org\/{rel}","templated":true}]}}