{"id":4710,"date":"2025-04-15T14:52:15","date_gmt":"2025-04-15T14:52:15","guid":{"rendered":"https:\/\/casadolivreiro.pt\/?post_type=product&#038;p=4710"},"modified":"2025-04-15T14:52:15","modified_gmt":"2025-04-15T14:52:15","slug":"manual-de-auto-formacao-gerir-o-tempo-o-guia-essencial-para-trabalhar-melhor-e-ser-bem-sucedido-katie-jones","status":"publish","type":"product","link":"https:\/\/casadolivreiro.pt\/index.php\/product\/manual-de-auto-formacao-gerir-o-tempo-o-guia-essencial-para-trabalhar-melhor-e-ser-bem-sucedido-katie-jones\/","title":{"rendered":"MANUAL DE AUTO-FORMA\u00c7\u00c3O: GERIR O TEMPO, O Guia essencial para trabalhar melhor e ser bem sucedido \u2013 Katie Jones"},"content":{"rendered":"<p>MANUAL DE AUTO-FORMA\u00c7\u00c3O: GERIR O TEMPO, O Guia essencial para trabalhar melhor e ser bem sucedido \u2013 Katie Jones<\/p>\n<p>Tradu\u00e7\u00e3o de Zita Morais<\/p>\n<p>Ano de edi\u00e7\u00e3o: 2002, 1.\u00aa edi\u00e7\u00e3o<\/p>\n<p>Editor: Centralivros<\/p>\n<p>Idioma: Portugu\u00eas<\/p>\n<p>Dimens\u00f5es: 17.3 x 1 x 23.5<\/p>\n<p>Encaderna\u00e7\u00e3o: capa mole<\/p>\n<p>P\u00e1ginas: 95<\/p>\n","protected":false},"excerpt":{"rendered":"<p>MANUAL DE AUTO-FORMA\u00c7\u00c3O: GERIR O TEMPO, O Guia essencial para trabalhar melhor e ser bem sucedido \u2013 Katie Jones Tradu\u00e7\u00e3o de Zita Morais Ano de edi\u00e7\u00e3o: 2002, 1.\u00aa edi\u00e7\u00e3o Editor: Centralivros Idioma: Portugu\u00eas Dimens\u00f5es: 17.3 x 1 x 23.5 Encaderna\u00e7\u00e3o: capa mole P\u00e1ginas: 95<\/p>\n","protected":false},"featured_media":4711,"comment_status":"open","ping_status":"closed","template":"","meta":{"om_disable_all_campaigns":false,"_monsterinsights_skip_tracking":false,"_monsterinsights_sitenote_active":false,"_monsterinsights_sitenote_note":"","_monsterinsights_sitenote_category":0,"_uf_show_specific_survey":0,"_uf_disable_surveys":false},"product_cat":[41,66],"product_tag":[],"aioseo_notices":[],"jetpack_sharing_enabled":true,"_links":{"self":[{"href":"https:\/\/casadolivreiro.pt\/index.php\/wp-json\/wp\/v2\/product\/4710"}],"collection":[{"href":"https:\/\/casadolivreiro.pt\/index.php\/wp-json\/wp\/v2\/product"}],"about":[{"href":"https:\/\/casadolivreiro.pt\/index.php\/wp-json\/wp\/v2\/types\/product"}],"replies":[{"embeddable":true,"href":"https:\/\/casadolivreiro.pt\/index.php\/wp-json\/wp\/v2\/comments?post=4710"}],"wp:featuredmedia":[{"embeddable":true,"href":"https:\/\/casadolivreiro.pt\/index.php\/wp-json\/wp\/v2\/media\/4711"}],"wp:attachment":[{"href":"https:\/\/casadolivreiro.pt\/index.php\/wp-json\/wp\/v2\/media?parent=4710"}],"wp:term":[{"taxonomy":"product_cat","embeddable":true,"href":"https:\/\/casadolivreiro.pt\/index.php\/wp-json\/wp\/v2\/product_cat?post=4710"},{"taxonomy":"product_tag","embeddable":true,"href":"https:\/\/casadolivreiro.pt\/index.php\/wp-json\/wp\/v2\/product_tag?post=4710"}],"curies":[{"name":"wp","href":"https:\/\/api.w.org\/{rel}","templated":true}]}}