{"id":471,"date":"2024-03-13T13:32:06","date_gmt":"2024-03-13T13:32:06","guid":{"rendered":"https:\/\/casadolivreiro.pt\/?post_type=product&#038;p=471"},"modified":"2024-03-13T13:32:06","modified_gmt":"2024-03-13T13:32:06","slug":"planet-earth-ice-ages-by-windsor-chorlton-and-the-editors-of-time-life-books","status":"publish","type":"product","link":"https:\/\/casadolivreiro.pt\/index.php\/product\/planet-earth-ice-ages-by-windsor-chorlton-and-the-editors-of-time-life-books\/","title":{"rendered":"PLANET EARTH: ICE AGES &#8211; By Windsor Chorlton and The Editors of Time-Life Books"},"content":{"rendered":"<p>PLANET EARTH: ICE AGES<br \/>\nBy Windsor Chorlton<br \/>\nand The Editors of Time-Life Books<br \/>\nISBN: 0 7054 0748 9<br \/>\nEditor: Time-Life Books, Amsterdam<br \/>\nData de Lan\u00e7amento: 1989<br \/>\nIdioma:\u00a0 Ingl\u00eas<br \/>\nDimens\u00f5es: 23.5 x 1.3 x 30.5 cm<br \/>\nEncaderna\u00e7\u00e3o: Capa dura<br \/>\nP\u00e1ginas: 176<\/p>\n","protected":false},"excerpt":{"rendered":"<p>PLANET EARTH: ICE AGES By Windsor Chorlton and The Editors of Time-Life Books ISBN: 0 7054 0748 9 Editor: Time-Life Books, Amsterdam Data de Lan\u00e7amento: 1989 Idioma:\u00a0 Ingl\u00eas Dimens\u00f5es: 23.5 x 1.3 x 30.5 cm Encaderna\u00e7\u00e3o: Capa dura P\u00e1ginas: 176<\/p>\n","protected":false},"featured_media":472,"comment_status":"open","ping_status":"closed","template":"","meta":{"om_disable_all_campaigns":false,"_monsterinsights_skip_tracking":false,"_monsterinsights_sitenote_active":false,"_monsterinsights_sitenote_note":"","_monsterinsights_sitenote_category":0,"_uf_show_specific_survey":0,"_uf_disable_surveys":false},"product_cat":[55,50],"product_tag":[],"aioseo_notices":[],"jetpack_sharing_enabled":true,"_links":{"self":[{"href":"https:\/\/casadolivreiro.pt\/index.php\/wp-json\/wp\/v2\/product\/471"}],"collection":[{"href":"https:\/\/casadolivreiro.pt\/index.php\/wp-json\/wp\/v2\/product"}],"about":[{"href":"https:\/\/casadolivreiro.pt\/index.php\/wp-json\/wp\/v2\/types\/product"}],"replies":[{"embeddable":true,"href":"https:\/\/casadolivreiro.pt\/index.php\/wp-json\/wp\/v2\/comments?post=471"}],"wp:featuredmedia":[{"embeddable":true,"href":"https:\/\/casadolivreiro.pt\/index.php\/wp-json\/wp\/v2\/media\/472"}],"wp:attachment":[{"href":"https:\/\/casadolivreiro.pt\/index.php\/wp-json\/wp\/v2\/media?parent=471"}],"wp:term":[{"taxonomy":"product_cat","embeddable":true,"href":"https:\/\/casadolivreiro.pt\/index.php\/wp-json\/wp\/v2\/product_cat?post=471"},{"taxonomy":"product_tag","embeddable":true,"href":"https:\/\/casadolivreiro.pt\/index.php\/wp-json\/wp\/v2\/product_tag?post=471"}],"curies":[{"name":"wp","href":"https:\/\/api.w.org\/{rel}","templated":true}]}}