{"id":4704,"date":"2025-04-15T14:24:31","date_gmt":"2025-04-15T14:24:31","guid":{"rendered":"https:\/\/casadolivreiro.pt\/?post_type=product&#038;p=4704"},"modified":"2025-04-15T14:24:31","modified_gmt":"2025-04-15T14:24:31","slug":"how-to-be-entertaining-andrew-wright","status":"publish","type":"product","link":"https:\/\/casadolivreiro.pt\/index.php\/product\/how-to-be-entertaining-andrew-wright\/","title":{"rendered":"HOW TO BE ENTERTAINING \u2013 Andrew Wright"},"content":{"rendered":"<p>HOW TO BE ENTERTAINING \u2013 Andrew Wright<\/p>\n<p>Ano de edi\u00e7\u00e3o: 1986, 1.\u00ba edi\u00e7\u00e3o<\/p>\n<p>Editor: Cambridge University Press<\/p>\n<p>Idioma: Ingl\u00eas<\/p>\n<p>Dimens\u00f5es: 16.8 x 0.7 x 23.5<\/p>\n<p>Encaderna\u00e7\u00e3o: capa mole<\/p>\n<p>P\u00e1ginas: 83<\/p>\n","protected":false},"excerpt":{"rendered":"<p>HOW TO BE ENTERTAINING \u2013 Andrew Wright Ano de edi\u00e7\u00e3o: 1986, 1.\u00ba edi\u00e7\u00e3o Editor: Cambridge University Press Idioma: Ingl\u00eas Dimens\u00f5es: 16.8 x 0.7 x 23.5 Encaderna\u00e7\u00e3o: capa mole P\u00e1ginas: 83<\/p>\n","protected":false},"featured_media":4705,"comment_status":"open","ping_status":"closed","template":"","meta":{"om_disable_all_campaigns":false,"_monsterinsights_skip_tracking":false,"_monsterinsights_sitenote_active":false,"_monsterinsights_sitenote_note":"","_monsterinsights_sitenote_category":0,"_uf_show_specific_survey":0,"_uf_disable_surveys":false},"product_cat":[55,66],"product_tag":[],"aioseo_notices":[],"jetpack_sharing_enabled":true,"_links":{"self":[{"href":"https:\/\/casadolivreiro.pt\/index.php\/wp-json\/wp\/v2\/product\/4704"}],"collection":[{"href":"https:\/\/casadolivreiro.pt\/index.php\/wp-json\/wp\/v2\/product"}],"about":[{"href":"https:\/\/casadolivreiro.pt\/index.php\/wp-json\/wp\/v2\/types\/product"}],"replies":[{"embeddable":true,"href":"https:\/\/casadolivreiro.pt\/index.php\/wp-json\/wp\/v2\/comments?post=4704"}],"wp:featuredmedia":[{"embeddable":true,"href":"https:\/\/casadolivreiro.pt\/index.php\/wp-json\/wp\/v2\/media\/4705"}],"wp:attachment":[{"href":"https:\/\/casadolivreiro.pt\/index.php\/wp-json\/wp\/v2\/media?parent=4704"}],"wp:term":[{"taxonomy":"product_cat","embeddable":true,"href":"https:\/\/casadolivreiro.pt\/index.php\/wp-json\/wp\/v2\/product_cat?post=4704"},{"taxonomy":"product_tag","embeddable":true,"href":"https:\/\/casadolivreiro.pt\/index.php\/wp-json\/wp\/v2\/product_tag?post=4704"}],"curies":[{"name":"wp","href":"https:\/\/api.w.org\/{rel}","templated":true}]}}