{"id":4702,"date":"2025-04-15T14:18:35","date_gmt":"2025-04-15T14:18:35","guid":{"rendered":"https:\/\/casadolivreiro.pt\/?post_type=product&#038;p=4702"},"modified":"2025-04-15T14:19:00","modified_gmt":"2025-04-15T14:19:00","slug":"the-floral-art-book-of-reference-helen-cox","status":"publish","type":"product","link":"https:\/\/casadolivreiro.pt\/index.php\/product\/the-floral-art-book-of-reference-helen-cox\/","title":{"rendered":"THE FLORAL ART BOOK OF REFERENCE \u2013 Helen Cox"},"content":{"rendered":"<p>THE FLORAL ART BOOK OF REFERENCE \u2013 Helen Cox<\/p>\n<p>Ano de edi\u00e7\u00e3o: 1970<\/p>\n<p>Editor: Pergamon Press Ltd.<\/p>\n<p>Idioma: Ingl\u00eas<\/p>\n<p>Dimens\u00f5es: 18.3 x 1.4 x 25<\/p>\n<p>Encaderna\u00e7\u00e3o: capa dura<\/p>\n<p>P\u00e1ginas: 103<\/p>\n","protected":false},"excerpt":{"rendered":"<p>THE FLORAL ART BOOK OF REFERENCE \u2013 Helen Cox Ano de edi\u00e7\u00e3o: 1970 Editor: Pergamon Press Ltd. Idioma: Ingl\u00eas Dimens\u00f5es: 18.3 x 1.4 x 25 Encaderna\u00e7\u00e3o: capa dura P\u00e1ginas: 103<\/p>\n","protected":false},"featured_media":4703,"comment_status":"open","ping_status":"closed","template":"","meta":{"om_disable_all_campaigns":false,"_monsterinsights_skip_tracking":false,"_monsterinsights_sitenote_active":false,"_monsterinsights_sitenote_note":"","_monsterinsights_sitenote_category":0,"_uf_show_specific_survey":0,"_uf_disable_surveys":false},"product_cat":[55,66],"product_tag":[],"aioseo_notices":[],"jetpack_sharing_enabled":true,"_links":{"self":[{"href":"https:\/\/casadolivreiro.pt\/index.php\/wp-json\/wp\/v2\/product\/4702"}],"collection":[{"href":"https:\/\/casadolivreiro.pt\/index.php\/wp-json\/wp\/v2\/product"}],"about":[{"href":"https:\/\/casadolivreiro.pt\/index.php\/wp-json\/wp\/v2\/types\/product"}],"replies":[{"embeddable":true,"href":"https:\/\/casadolivreiro.pt\/index.php\/wp-json\/wp\/v2\/comments?post=4702"}],"wp:featuredmedia":[{"embeddable":true,"href":"https:\/\/casadolivreiro.pt\/index.php\/wp-json\/wp\/v2\/media\/4703"}],"wp:attachment":[{"href":"https:\/\/casadolivreiro.pt\/index.php\/wp-json\/wp\/v2\/media?parent=4702"}],"wp:term":[{"taxonomy":"product_cat","embeddable":true,"href":"https:\/\/casadolivreiro.pt\/index.php\/wp-json\/wp\/v2\/product_cat?post=4702"},{"taxonomy":"product_tag","embeddable":true,"href":"https:\/\/casadolivreiro.pt\/index.php\/wp-json\/wp\/v2\/product_tag?post=4702"}],"curies":[{"name":"wp","href":"https:\/\/api.w.org\/{rel}","templated":true}]}}