{"id":4700,"date":"2025-04-15T14:11:04","date_gmt":"2025-04-15T14:11:04","guid":{"rendered":"https:\/\/casadolivreiro.pt\/?post_type=product&#038;p=4700"},"modified":"2025-04-15T14:11:04","modified_gmt":"2025-04-15T14:11:04","slug":"sunday-telegraph-patio-gardening-robert-pearson","status":"publish","type":"product","link":"https:\/\/casadolivreiro.pt\/index.php\/product\/sunday-telegraph-patio-gardening-robert-pearson\/","title":{"rendered":"SUNDAY TELEGRAPH PATIO GARDENING \u2013 Robert Pearson"},"content":{"rendered":"<p>SUNDAY TELEGRAPH PATIO GARDENING \u2013 Robert Pearson<\/p>\n<p>Ano de edi\u00e7\u00e3o: 1983<\/p>\n<p>Editor: Sunday Telegraph \/ Hamlyn Paperback<\/p>\n<p>Idioma: Ingl\u00eas<\/p>\n<p>Dimens\u00f5es: 18.3 x 1.2 x 24<\/p>\n<p>Encaderna\u00e7\u00e3o: capa mole<\/p>\n<p>P\u00e1ginas: 176<\/p>\n","protected":false},"excerpt":{"rendered":"<p>SUNDAY TELEGRAPH PATIO GARDENING \u2013 Robert Pearson Ano de edi\u00e7\u00e3o: 1983 Editor: Sunday Telegraph \/ Hamlyn Paperback Idioma: Ingl\u00eas Dimens\u00f5es: 18.3 x 1.2 x 24 Encaderna\u00e7\u00e3o: capa mole P\u00e1ginas: 176<\/p>\n","protected":false},"featured_media":4701,"comment_status":"open","ping_status":"closed","template":"","meta":{"om_disable_all_campaigns":false,"_monsterinsights_skip_tracking":false,"_monsterinsights_sitenote_active":false,"_monsterinsights_sitenote_note":"","_monsterinsights_sitenote_category":0,"_uf_show_specific_survey":0,"_uf_disable_surveys":false},"product_cat":[55,66],"product_tag":[],"aioseo_notices":[],"jetpack_sharing_enabled":true,"_links":{"self":[{"href":"https:\/\/casadolivreiro.pt\/index.php\/wp-json\/wp\/v2\/product\/4700"}],"collection":[{"href":"https:\/\/casadolivreiro.pt\/index.php\/wp-json\/wp\/v2\/product"}],"about":[{"href":"https:\/\/casadolivreiro.pt\/index.php\/wp-json\/wp\/v2\/types\/product"}],"replies":[{"embeddable":true,"href":"https:\/\/casadolivreiro.pt\/index.php\/wp-json\/wp\/v2\/comments?post=4700"}],"wp:featuredmedia":[{"embeddable":true,"href":"https:\/\/casadolivreiro.pt\/index.php\/wp-json\/wp\/v2\/media\/4701"}],"wp:attachment":[{"href":"https:\/\/casadolivreiro.pt\/index.php\/wp-json\/wp\/v2\/media?parent=4700"}],"wp:term":[{"taxonomy":"product_cat","embeddable":true,"href":"https:\/\/casadolivreiro.pt\/index.php\/wp-json\/wp\/v2\/product_cat?post=4700"},{"taxonomy":"product_tag","embeddable":true,"href":"https:\/\/casadolivreiro.pt\/index.php\/wp-json\/wp\/v2\/product_tag?post=4700"}],"curies":[{"name":"wp","href":"https:\/\/api.w.org\/{rel}","templated":true}]}}