{"id":4696,"date":"2025-04-15T12:49:56","date_gmt":"2025-04-15T12:49:56","guid":{"rendered":"https:\/\/casadolivreiro.pt\/?post_type=product&#038;p=4696"},"modified":"2025-04-15T12:49:56","modified_gmt":"2025-04-15T12:49:56","slug":"enciclopedia-maluca-elixir-risotonico-para-pessoas-sadias-e-para-quem-sofre-de-tristite-aguda-lauro-trevisan","status":"publish","type":"product","link":"https:\/\/casadolivreiro.pt\/index.php\/product\/enciclopedia-maluca-elixir-risotonico-para-pessoas-sadias-e-para-quem-sofre-de-tristite-aguda-lauro-trevisan\/","title":{"rendered":"ENCICLOP\u00c9DIA MALUCA: Elixir risot\u00f4nico para pessoas sadias e para  quem sofre de tristite aguda \u2013 Lauro Trevisan"},"content":{"rendered":"<p>ENCICLOP\u00c9DIA MALUCA: Elixir risot\u00f4nico para pessoas sadias e para\u00a0 quem sofre de tristite aguda \u2013 Lauro Trevisan<\/p>\n<p>Ano de edi\u00e7\u00e3o: 1975<\/p>\n<p>Editor: Editora da Mente, Brasil<\/p>\n<p>Idioma: Portugu\u00eas<\/p>\n<p>Dimens\u00f5es: 13.8 x 0.9 x 21<\/p>\n<p>Encaderna\u00e7\u00e3o: capa mole<\/p>\n<p>P\u00e1ginas: 135<\/p>\n","protected":false},"excerpt":{"rendered":"<p>ENCICLOP\u00c9DIA MALUCA: Elixir risot\u00f4nico para pessoas sadias e para\u00a0 quem sofre de tristite aguda \u2013 Lauro Trevisan Ano de edi\u00e7\u00e3o: 1975 Editor: Editora da Mente, Brasil Idioma: Portugu\u00eas Dimens\u00f5es: 13.8 x 0.9 x 21 Encaderna\u00e7\u00e3o: capa mole P\u00e1ginas: 135<\/p>\n","protected":false},"featured_media":4697,"comment_status":"open","ping_status":"closed","template":"","meta":{"om_disable_all_campaigns":false,"_monsterinsights_skip_tracking":false,"_monsterinsights_sitenote_active":false,"_monsterinsights_sitenote_note":"","_monsterinsights_sitenote_category":0,"_uf_show_specific_survey":0,"_uf_disable_surveys":false},"product_cat":[35,66],"product_tag":[],"aioseo_notices":[],"jetpack_sharing_enabled":true,"_links":{"self":[{"href":"https:\/\/casadolivreiro.pt\/index.php\/wp-json\/wp\/v2\/product\/4696"}],"collection":[{"href":"https:\/\/casadolivreiro.pt\/index.php\/wp-json\/wp\/v2\/product"}],"about":[{"href":"https:\/\/casadolivreiro.pt\/index.php\/wp-json\/wp\/v2\/types\/product"}],"replies":[{"embeddable":true,"href":"https:\/\/casadolivreiro.pt\/index.php\/wp-json\/wp\/v2\/comments?post=4696"}],"wp:featuredmedia":[{"embeddable":true,"href":"https:\/\/casadolivreiro.pt\/index.php\/wp-json\/wp\/v2\/media\/4697"}],"wp:attachment":[{"href":"https:\/\/casadolivreiro.pt\/index.php\/wp-json\/wp\/v2\/media?parent=4696"}],"wp:term":[{"taxonomy":"product_cat","embeddable":true,"href":"https:\/\/casadolivreiro.pt\/index.php\/wp-json\/wp\/v2\/product_cat?post=4696"},{"taxonomy":"product_tag","embeddable":true,"href":"https:\/\/casadolivreiro.pt\/index.php\/wp-json\/wp\/v2\/product_tag?post=4696"}],"curies":[{"name":"wp","href":"https:\/\/api.w.org\/{rel}","templated":true}]}}