{"id":4685,"date":"2025-04-15T11:59:58","date_gmt":"2025-04-15T11:59:58","guid":{"rendered":"https:\/\/casadolivreiro.pt\/?post_type=product&#038;p=4685"},"modified":"2025-04-15T11:59:58","modified_gmt":"2025-04-15T11:59:58","slug":"sobre-familias-e-como-viver-com-elas-robin-skinner-john-cleese","status":"publish","type":"product","link":"https:\/\/casadolivreiro.pt\/index.php\/product\/sobre-familias-e-como-viver-com-elas-robin-skinner-john-cleese\/","title":{"rendered":"SOBRE FAM\u00cdLIAS E COMO VIVER COM ELAS \u2013 Robin Skinner, John Cleese"},"content":{"rendered":"<p>SOBRE FAM\u00cdLIAS E COMO VIVER COM ELAS \u2013 Robin Skinner, John Cleese<\/p>\n<p>Tradu\u00e7\u00e3o de Donz\u00edlia Losa<\/p>\n<p>Ano de edi\u00e7\u00e3o: 1990<\/p>\n<p>Editor: Afrontamento, Porto<\/p>\n<p>Idioma: Portugu\u00eas<\/p>\n<p>Dimens\u00f5es: 15 x 1.5 x 24<\/p>\n<p>Encaderna\u00e7\u00e3o: capa mole<\/p>\n<p>P\u00e1ginas: 280<\/p>\n","protected":false},"excerpt":{"rendered":"<p>SOBRE FAM\u00cdLIAS E COMO VIVER COM ELAS \u2013 Robin Skinner, John Cleese Tradu\u00e7\u00e3o de Donz\u00edlia Losa Ano de edi\u00e7\u00e3o: 1990 Editor: Afrontamento, Porto Idioma: Portugu\u00eas Dimens\u00f5es: 15 x 1.5 x 24 Encaderna\u00e7\u00e3o: capa mole P\u00e1ginas: 280<\/p>\n","protected":false},"featured_media":4686,"comment_status":"open","ping_status":"closed","template":"","meta":{"om_disable_all_campaigns":false,"_monsterinsights_skip_tracking":false,"_monsterinsights_sitenote_active":false,"_monsterinsights_sitenote_note":"","_monsterinsights_sitenote_category":0,"_uf_show_specific_survey":0,"_uf_disable_surveys":false},"product_cat":[31,66],"product_tag":[],"aioseo_notices":[],"jetpack_sharing_enabled":true,"_links":{"self":[{"href":"https:\/\/casadolivreiro.pt\/index.php\/wp-json\/wp\/v2\/product\/4685"}],"collection":[{"href":"https:\/\/casadolivreiro.pt\/index.php\/wp-json\/wp\/v2\/product"}],"about":[{"href":"https:\/\/casadolivreiro.pt\/index.php\/wp-json\/wp\/v2\/types\/product"}],"replies":[{"embeddable":true,"href":"https:\/\/casadolivreiro.pt\/index.php\/wp-json\/wp\/v2\/comments?post=4685"}],"wp:featuredmedia":[{"embeddable":true,"href":"https:\/\/casadolivreiro.pt\/index.php\/wp-json\/wp\/v2\/media\/4686"}],"wp:attachment":[{"href":"https:\/\/casadolivreiro.pt\/index.php\/wp-json\/wp\/v2\/media?parent=4685"}],"wp:term":[{"taxonomy":"product_cat","embeddable":true,"href":"https:\/\/casadolivreiro.pt\/index.php\/wp-json\/wp\/v2\/product_cat?post=4685"},{"taxonomy":"product_tag","embeddable":true,"href":"https:\/\/casadolivreiro.pt\/index.php\/wp-json\/wp\/v2\/product_tag?post=4685"}],"curies":[{"name":"wp","href":"https:\/\/api.w.org\/{rel}","templated":true}]}}