{"id":4683,"date":"2025-04-15T11:50:02","date_gmt":"2025-04-15T11:50:02","guid":{"rendered":"https:\/\/casadolivreiro.pt\/?post_type=product&#038;p=4683"},"modified":"2025-04-15T11:50:02","modified_gmt":"2025-04-15T11:50:02","slug":"as-melhores-anedotas-da-net-pedro-alegria","status":"publish","type":"product","link":"https:\/\/casadolivreiro.pt\/index.php\/product\/as-melhores-anedotas-da-net-pedro-alegria\/","title":{"rendered":"AS MELHORES ANEDOTAS DA NET \u2013 Pedro Alegria"},"content":{"rendered":"<p>AS MELHORES ANEDOTAS DA NET \u2013 Pedro Alegria<\/p>\n<p>Ano de edi\u00e7\u00e3o: 2002<\/p>\n<p>Editor: ArtePlural Edi\u00e7\u00f5es<\/p>\n<p>Idioma: Portugu\u00eas<\/p>\n<p>Dimens\u00f5es: 15 x 1 x 23<\/p>\n<p>Encaderna\u00e7\u00e3o: capa mole<\/p>\n<p>P\u00e1ginas: 150<\/p>\n","protected":false},"excerpt":{"rendered":"<p>AS MELHORES ANEDOTAS DA NET \u2013 Pedro Alegria Ano de edi\u00e7\u00e3o: 2002 Editor: ArtePlural Edi\u00e7\u00f5es Idioma: Portugu\u00eas Dimens\u00f5es: 15 x 1 x 23 Encaderna\u00e7\u00e3o: capa mole P\u00e1ginas: 150<\/p>\n","protected":false},"featured_media":4684,"comment_status":"open","ping_status":"closed","template":"","meta":{"om_disable_all_campaigns":false,"_monsterinsights_skip_tracking":false,"_monsterinsights_sitenote_active":false,"_monsterinsights_sitenote_note":"","_monsterinsights_sitenote_category":0,"_uf_show_specific_survey":0,"_uf_disable_surveys":false},"product_cat":[35,48,66],"product_tag":[],"aioseo_notices":[],"jetpack_sharing_enabled":true,"_links":{"self":[{"href":"https:\/\/casadolivreiro.pt\/index.php\/wp-json\/wp\/v2\/product\/4683"}],"collection":[{"href":"https:\/\/casadolivreiro.pt\/index.php\/wp-json\/wp\/v2\/product"}],"about":[{"href":"https:\/\/casadolivreiro.pt\/index.php\/wp-json\/wp\/v2\/types\/product"}],"replies":[{"embeddable":true,"href":"https:\/\/casadolivreiro.pt\/index.php\/wp-json\/wp\/v2\/comments?post=4683"}],"wp:featuredmedia":[{"embeddable":true,"href":"https:\/\/casadolivreiro.pt\/index.php\/wp-json\/wp\/v2\/media\/4684"}],"wp:attachment":[{"href":"https:\/\/casadolivreiro.pt\/index.php\/wp-json\/wp\/v2\/media?parent=4683"}],"wp:term":[{"taxonomy":"product_cat","embeddable":true,"href":"https:\/\/casadolivreiro.pt\/index.php\/wp-json\/wp\/v2\/product_cat?post=4683"},{"taxonomy":"product_tag","embeddable":true,"href":"https:\/\/casadolivreiro.pt\/index.php\/wp-json\/wp\/v2\/product_tag?post=4683"}],"curies":[{"name":"wp","href":"https:\/\/api.w.org\/{rel}","templated":true}]}}