{"id":4679,"date":"2025-04-15T11:30:16","date_gmt":"2025-04-15T11:30:16","guid":{"rendered":"https:\/\/casadolivreiro.pt\/?post_type=product&#038;p=4679"},"modified":"2025-04-15T11:30:16","modified_gmt":"2025-04-15T11:30:16","slug":"rallyes-e-velocidade-82-joao-anjos","status":"publish","type":"product","link":"https:\/\/casadolivreiro.pt\/index.php\/product\/rallyes-e-velocidade-82-joao-anjos\/","title":{"rendered":"RALLYES E VELOCIDADE 82 \u2013 Jo\u00e3o Anjos"},"content":{"rendered":"<p>RALLYES E VELOCIDADE 82 \u2013 Jo\u00e3o Anjos<\/p>\n<p>Ano de edi\u00e7\u00e3o:\u00a0 1982<\/p>\n<p>Editor: Jo\u00e3o Anjos<\/p>\n<p>Idioma: Portugu\u00eas<\/p>\n<p>Dimens\u00f5es: 16.2 x 0.9 x 24<\/p>\n<p>Encaderna\u00e7\u00e3o: capa mole<\/p>\n<p>P\u00e1ginas: 188<\/p>\n","protected":false},"excerpt":{"rendered":"<p>RALLYES E VELOCIDADE 82 \u2013 Jo\u00e3o Anjos Ano de edi\u00e7\u00e3o:\u00a0 1982 Editor: Jo\u00e3o Anjos Idioma: Portugu\u00eas Dimens\u00f5es: 16.2 x 0.9 x 24 Encaderna\u00e7\u00e3o: capa mole P\u00e1ginas: 188<\/p>\n","protected":false},"featured_media":4680,"comment_status":"open","ping_status":"closed","template":"","meta":{"om_disable_all_campaigns":false,"_monsterinsights_skip_tracking":false,"_monsterinsights_sitenote_active":false,"_monsterinsights_sitenote_note":"","_monsterinsights_sitenote_category":0,"_uf_show_specific_survey":0,"_uf_disable_surveys":false},"product_cat":[39],"product_tag":[],"aioseo_notices":[],"jetpack_sharing_enabled":true,"_links":{"self":[{"href":"https:\/\/casadolivreiro.pt\/index.php\/wp-json\/wp\/v2\/product\/4679"}],"collection":[{"href":"https:\/\/casadolivreiro.pt\/index.php\/wp-json\/wp\/v2\/product"}],"about":[{"href":"https:\/\/casadolivreiro.pt\/index.php\/wp-json\/wp\/v2\/types\/product"}],"replies":[{"embeddable":true,"href":"https:\/\/casadolivreiro.pt\/index.php\/wp-json\/wp\/v2\/comments?post=4679"}],"wp:featuredmedia":[{"embeddable":true,"href":"https:\/\/casadolivreiro.pt\/index.php\/wp-json\/wp\/v2\/media\/4680"}],"wp:attachment":[{"href":"https:\/\/casadolivreiro.pt\/index.php\/wp-json\/wp\/v2\/media?parent=4679"}],"wp:term":[{"taxonomy":"product_cat","embeddable":true,"href":"https:\/\/casadolivreiro.pt\/index.php\/wp-json\/wp\/v2\/product_cat?post=4679"},{"taxonomy":"product_tag","embeddable":true,"href":"https:\/\/casadolivreiro.pt\/index.php\/wp-json\/wp\/v2\/product_tag?post=4679"}],"curies":[{"name":"wp","href":"https:\/\/api.w.org\/{rel}","templated":true}]}}