{"id":4676,"date":"2025-04-15T11:21:50","date_gmt":"2025-04-15T11:21:50","guid":{"rendered":"https:\/\/casadolivreiro.pt\/?post_type=product&#038;p=4676"},"modified":"2025-04-15T11:21:50","modified_gmt":"2025-04-15T11:21:50","slug":"o-resgate-dos-marranos-portugueses-david-augusto-canelo","status":"publish","type":"product","link":"https:\/\/casadolivreiro.pt\/index.php\/product\/o-resgate-dos-marranos-portugueses-david-augusto-canelo\/","title":{"rendered":"O RESGATE DOS MARRANOS PORTUGUESES \u2013 David Augusto Canelo"},"content":{"rendered":"<p>O RESGATE DOS MARRANOS PORTUGUESES \u2013 David Augusto Canelo<\/p>\n<p>Ano de edi\u00e7\u00e3o:\u00a0 2004, 2.\u00aa edi\u00e7\u00e3o<\/p>\n<p>Editor: David Augusto Canelo, Patrocinada pela C\u00e2mara Municipal de Belmonte<\/p>\n<p>Idioma: Portugu\u00eas<\/p>\n<p>Dimens\u00f5es: 15 x 1.9 x 24<\/p>\n<p>Encaderna\u00e7\u00e3o: capa mole<\/p>\n<p>P\u00e1ginas: 226<\/p>\n","protected":false},"excerpt":{"rendered":"<p>O RESGATE DOS MARRANOS PORTUGUESES \u2013 David Augusto Canelo Ano de edi\u00e7\u00e3o:\u00a0 2004, 2.\u00aa edi\u00e7\u00e3o Editor: David Augusto Canelo, Patrocinada pela C\u00e2mara Municipal de Belmonte Idioma: Portugu\u00eas Dimens\u00f5es: 15 x 1.9 x 24 Encaderna\u00e7\u00e3o: capa mole P\u00e1ginas: 226<\/p>\n","protected":false},"featured_media":4677,"comment_status":"open","ping_status":"closed","template":"","meta":{"om_disable_all_campaigns":false,"_monsterinsights_skip_tracking":false,"_monsterinsights_sitenote_active":false,"_monsterinsights_sitenote_note":"","_monsterinsights_sitenote_category":0,"_uf_show_specific_survey":0,"_uf_disable_surveys":false},"product_cat":[31,30],"product_tag":[],"aioseo_notices":[],"jetpack_sharing_enabled":true,"_links":{"self":[{"href":"https:\/\/casadolivreiro.pt\/index.php\/wp-json\/wp\/v2\/product\/4676"}],"collection":[{"href":"https:\/\/casadolivreiro.pt\/index.php\/wp-json\/wp\/v2\/product"}],"about":[{"href":"https:\/\/casadolivreiro.pt\/index.php\/wp-json\/wp\/v2\/types\/product"}],"replies":[{"embeddable":true,"href":"https:\/\/casadolivreiro.pt\/index.php\/wp-json\/wp\/v2\/comments?post=4676"}],"wp:featuredmedia":[{"embeddable":true,"href":"https:\/\/casadolivreiro.pt\/index.php\/wp-json\/wp\/v2\/media\/4677"}],"wp:attachment":[{"href":"https:\/\/casadolivreiro.pt\/index.php\/wp-json\/wp\/v2\/media?parent=4676"}],"wp:term":[{"taxonomy":"product_cat","embeddable":true,"href":"https:\/\/casadolivreiro.pt\/index.php\/wp-json\/wp\/v2\/product_cat?post=4676"},{"taxonomy":"product_tag","embeddable":true,"href":"https:\/\/casadolivreiro.pt\/index.php\/wp-json\/wp\/v2\/product_tag?post=4676"}],"curies":[{"name":"wp","href":"https:\/\/api.w.org\/{rel}","templated":true}]}}