{"id":4670,"date":"2025-04-15T10:57:09","date_gmt":"2025-04-15T10:57:09","guid":{"rendered":"https:\/\/casadolivreiro.pt\/?post_type=product&#038;p=4670"},"modified":"2025-04-15T11:02:57","modified_gmt":"2025-04-15T11:02:57","slug":"stereograms-create-hidden-3d-illusions-includes-cd","status":"publish","type":"product","link":"https:\/\/casadolivreiro.pt\/index.php\/product\/stereograms-create-hidden-3d-illusions-includes-cd\/","title":{"rendered":"STEREOGRAMS: CREATE HIDDEN 3D ILLUSIONS (includes CD)"},"content":{"rendered":"<p>STEREOGRAMS: CREATE HIDDEN 3D ILLUSIONS (includes CD)<\/p>\n<p>Ano de edi\u00e7\u00e3o:\u00a0 1995<\/p>\n<p>Editor: Abacus (USA)<\/p>\n<p>Idioma: Ingl\u00eas<\/p>\n<p>Dimens\u00f5es: 17.8 x 1.2 x 23<\/p>\n<p>Encaderna\u00e7\u00e3o: capa mole<\/p>\n<p>P\u00e1ginas: 128<\/p>\n","protected":false},"excerpt":{"rendered":"<p>STEREOGRAMS: CREATE HIDDEN 3D ILLUSIONS (includes CD) Ano de edi\u00e7\u00e3o:\u00a0 1995 Editor: Abacus (USA) Idioma: Ingl\u00eas Dimens\u00f5es: 17.8 x 1.2 x 23 Encaderna\u00e7\u00e3o: capa mole P\u00e1ginas: 128<\/p>\n","protected":false},"featured_media":4671,"comment_status":"open","ping_status":"closed","template":"","meta":{"om_disable_all_campaigns":false,"_monsterinsights_skip_tracking":false,"_monsterinsights_sitenote_active":false,"_monsterinsights_sitenote_note":"","_monsterinsights_sitenote_category":0,"_uf_show_specific_survey":0,"_uf_disable_surveys":false},"product_cat":[48,55,66],"product_tag":[],"aioseo_notices":[],"jetpack_sharing_enabled":true,"_links":{"self":[{"href":"https:\/\/casadolivreiro.pt\/index.php\/wp-json\/wp\/v2\/product\/4670"}],"collection":[{"href":"https:\/\/casadolivreiro.pt\/index.php\/wp-json\/wp\/v2\/product"}],"about":[{"href":"https:\/\/casadolivreiro.pt\/index.php\/wp-json\/wp\/v2\/types\/product"}],"replies":[{"embeddable":true,"href":"https:\/\/casadolivreiro.pt\/index.php\/wp-json\/wp\/v2\/comments?post=4670"}],"wp:featuredmedia":[{"embeddable":true,"href":"https:\/\/casadolivreiro.pt\/index.php\/wp-json\/wp\/v2\/media\/4671"}],"wp:attachment":[{"href":"https:\/\/casadolivreiro.pt\/index.php\/wp-json\/wp\/v2\/media?parent=4670"}],"wp:term":[{"taxonomy":"product_cat","embeddable":true,"href":"https:\/\/casadolivreiro.pt\/index.php\/wp-json\/wp\/v2\/product_cat?post=4670"},{"taxonomy":"product_tag","embeddable":true,"href":"https:\/\/casadolivreiro.pt\/index.php\/wp-json\/wp\/v2\/product_tag?post=4670"}],"curies":[{"name":"wp","href":"https:\/\/api.w.org\/{rel}","templated":true}]}}