{"id":467,"date":"2024-03-13T13:00:09","date_gmt":"2024-03-13T13:00:09","guid":{"rendered":"https:\/\/casadolivreiro.pt\/?post_type=product&#038;p=467"},"modified":"2024-03-13T13:00:09","modified_gmt":"2024-03-13T13:00:09","slug":"goethe-les-souffrances-du-jeune-werther-die-leiden-des-jungen-werthers-traduit-er-preface-par-h-buriot-darsiles-collection-bilingue","status":"publish","type":"product","link":"https:\/\/casadolivreiro.pt\/index.php\/product\/goethe-les-souffrances-du-jeune-werther-die-leiden-des-jungen-werthers-traduit-er-preface-par-h-buriot-darsiles-collection-bilingue\/","title":{"rendered":"GOETHE: LES SOUFFRANCES DU JEUNE WERTHER (DIE LEIDEN DES JUNGEN WERTHERS)- Traduit er pr\u00e9fac\u00e9 par H. Buriot Darsiles &#8211; Collection bilingue"},"content":{"rendered":"<p>GOETHE: LES SOUFFRANCES DU JEUNE WERTHER (DIE LEIDEN DES JUNGEN WERTHERS)<br \/>\nTraduit er pr\u00e9fac\u00e9 par H. Buriot Darsiles<br \/>\nCollection bilingue<br \/>\nEditor: Aubier, \u00c9ditions Montaigne<br \/>\nData de Lan\u00e7amento: 1976 (?)<br \/>\nIdioma:\u00a0 Alem\u00e3o &#8211; Franc\u00eas<br \/>\nDimens\u00f5es: 12 x 2.2 x 18.7 cm<br \/>\nEncaderna\u00e7\u00e3o: Capa mole<br \/>\nP\u00e1ginas: XLI -151 \u2013 151 \u2013 XXIV<\/p>\n","protected":false},"excerpt":{"rendered":"<p>GOETHE: LES SOUFFRANCES DU JEUNE WERTHER (DIE LEIDEN DES JUNGEN WERTHERS) Traduit er pr\u00e9fac\u00e9 par H. Buriot Darsiles Collection bilingue Editor: Aubier, \u00c9ditions Montaigne Data de Lan\u00e7amento: 1976 (?) Idioma:\u00a0 Alem\u00e3o &#8211; Franc\u00eas Dimens\u00f5es: 12 x 2.2 x 18.7 cm Encaderna\u00e7\u00e3o: Capa mole P\u00e1ginas: XLI -151 \u2013 151 \u2013 XXIV<\/p>\n","protected":false},"featured_media":468,"comment_status":"open","ping_status":"closed","template":"","meta":{"om_disable_all_campaigns":false,"_monsterinsights_skip_tracking":false,"_monsterinsights_sitenote_active":false,"_monsterinsights_sitenote_note":"","_monsterinsights_sitenote_category":0,"_uf_show_specific_survey":0,"_uf_disable_surveys":false},"product_cat":[58,56],"product_tag":[],"aioseo_notices":[],"jetpack_sharing_enabled":true,"_links":{"self":[{"href":"https:\/\/casadolivreiro.pt\/index.php\/wp-json\/wp\/v2\/product\/467"}],"collection":[{"href":"https:\/\/casadolivreiro.pt\/index.php\/wp-json\/wp\/v2\/product"}],"about":[{"href":"https:\/\/casadolivreiro.pt\/index.php\/wp-json\/wp\/v2\/types\/product"}],"replies":[{"embeddable":true,"href":"https:\/\/casadolivreiro.pt\/index.php\/wp-json\/wp\/v2\/comments?post=467"}],"wp:featuredmedia":[{"embeddable":true,"href":"https:\/\/casadolivreiro.pt\/index.php\/wp-json\/wp\/v2\/media\/468"}],"wp:attachment":[{"href":"https:\/\/casadolivreiro.pt\/index.php\/wp-json\/wp\/v2\/media?parent=467"}],"wp:term":[{"taxonomy":"product_cat","embeddable":true,"href":"https:\/\/casadolivreiro.pt\/index.php\/wp-json\/wp\/v2\/product_cat?post=467"},{"taxonomy":"product_tag","embeddable":true,"href":"https:\/\/casadolivreiro.pt\/index.php\/wp-json\/wp\/v2\/product_tag?post=467"}],"curies":[{"name":"wp","href":"https:\/\/api.w.org\/{rel}","templated":true}]}}