{"id":4664,"date":"2025-04-15T00:06:37","date_gmt":"2025-04-15T00:06:37","guid":{"rendered":"https:\/\/casadolivreiro.pt\/?post_type=product&#038;p=4664"},"modified":"2025-04-15T00:06:37","modified_gmt":"2025-04-15T00:06:37","slug":"exercicios-abdominais-roberto-maccadanza","status":"publish","type":"product","link":"https:\/\/casadolivreiro.pt\/index.php\/product\/exercicios-abdominais-roberto-maccadanza\/","title":{"rendered":"EXERCICIOS ABDOMINAIS \u2013 Roberto Maccadanza"},"content":{"rendered":"<p>EXERCICIOS ABDOMINAIS \u2013 Roberto Maccadanza<\/p>\n<p>Tradu\u00e7\u00e3o : Cl\u00e1udia Guerreiro<\/p>\n<p>Ano de edi\u00e7\u00e3o:\u00a0 2008, 1.\u00aa edi\u00e7\u00e3o<\/p>\n<p>Editor: ArtePlural Edi\u00e7\u00f5es<\/p>\n<p>Idioma: Portugu\u00eas<\/p>\n<p>Dimens\u00f5es: 15 x 0.6 x 21<\/p>\n<p>Encaderna\u00e7\u00e3o: capa mole<\/p>\n<p>P\u00e1ginas: 95<\/p>\n","protected":false},"excerpt":{"rendered":"<p>EXERCICIOS ABDOMINAIS \u2013 Roberto Maccadanza Tradu\u00e7\u00e3o : Cl\u00e1udia Guerreiro Ano de edi\u00e7\u00e3o:\u00a0 2008, 1.\u00aa edi\u00e7\u00e3o Editor: ArtePlural Edi\u00e7\u00f5es Idioma: Portugu\u00eas Dimens\u00f5es: 15 x 0.6 x 21 Encaderna\u00e7\u00e3o: capa mole P\u00e1ginas: 95<\/p>\n","protected":false},"featured_media":4665,"comment_status":"open","ping_status":"closed","template":"","meta":{"om_disable_all_campaigns":false,"_monsterinsights_skip_tracking":false,"_monsterinsights_sitenote_active":false,"_monsterinsights_sitenote_note":"","_monsterinsights_sitenote_category":0,"_uf_show_specific_survey":0,"_uf_disable_surveys":false},"product_cat":[39],"product_tag":[],"aioseo_notices":[],"jetpack_sharing_enabled":true,"_links":{"self":[{"href":"https:\/\/casadolivreiro.pt\/index.php\/wp-json\/wp\/v2\/product\/4664"}],"collection":[{"href":"https:\/\/casadolivreiro.pt\/index.php\/wp-json\/wp\/v2\/product"}],"about":[{"href":"https:\/\/casadolivreiro.pt\/index.php\/wp-json\/wp\/v2\/types\/product"}],"replies":[{"embeddable":true,"href":"https:\/\/casadolivreiro.pt\/index.php\/wp-json\/wp\/v2\/comments?post=4664"}],"wp:featuredmedia":[{"embeddable":true,"href":"https:\/\/casadolivreiro.pt\/index.php\/wp-json\/wp\/v2\/media\/4665"}],"wp:attachment":[{"href":"https:\/\/casadolivreiro.pt\/index.php\/wp-json\/wp\/v2\/media?parent=4664"}],"wp:term":[{"taxonomy":"product_cat","embeddable":true,"href":"https:\/\/casadolivreiro.pt\/index.php\/wp-json\/wp\/v2\/product_cat?post=4664"},{"taxonomy":"product_tag","embeddable":true,"href":"https:\/\/casadolivreiro.pt\/index.php\/wp-json\/wp\/v2\/product_tag?post=4664"}],"curies":[{"name":"wp","href":"https:\/\/api.w.org\/{rel}","templated":true}]}}