{"id":4662,"date":"2025-04-15T00:01:05","date_gmt":"2025-04-15T00:01:05","guid":{"rendered":"https:\/\/casadolivreiro.pt\/?post_type=product&#038;p=4662"},"modified":"2025-04-15T00:01:05","modified_gmt":"2025-04-15T00:01:05","slug":"o-bloco-notas-de-laszlo-boloni-sporting-campeao-nacional-2001-02","status":"publish","type":"product","link":"https:\/\/casadolivreiro.pt\/index.php\/product\/o-bloco-notas-de-laszlo-boloni-sporting-campeao-nacional-2001-02\/","title":{"rendered":"O BLOCO NOTAS DE LASZLO B\u00d6L\u00d6NI: Sporting Campe\u00e3o Nacional 2001-02"},"content":{"rendered":"<p>O BLOCO NOTAS DE LASZLO B\u00d6L\u00d6NI: Sporting Campe\u00e3o Nacional 2001-02<\/p>\n<p>Com edi\u00e7\u00e3o de texto de Luis Miguel Pereira<\/p>\n<p>Ano de edi\u00e7\u00e3o:\u00a0 2002<\/p>\n<p>Editor: Booktree, Lisboa<\/p>\n<p>Idioma: Portugu\u00eas<\/p>\n<p>Dimens\u00f5es: 15.2 x 1.5 x 23<\/p>\n<p>Encaderna\u00e7\u00e3o: capa mole<\/p>\n<p>P\u00e1ginas: 185<\/p>\n","protected":false},"excerpt":{"rendered":"<p>O BLOCO NOTAS DE LASZLO B\u00d6L\u00d6NI: Sporting Campe\u00e3o Nacional 2001-02 Com edi\u00e7\u00e3o de texto de Luis Miguel Pereira Ano de edi\u00e7\u00e3o:\u00a0 2002 Editor: Booktree, Lisboa Idioma: Portugu\u00eas Dimens\u00f5es: 15.2 x 1.5 x 23 Encaderna\u00e7\u00e3o: capa mole P\u00e1ginas: 185<\/p>\n","protected":false},"featured_media":4663,"comment_status":"open","ping_status":"closed","template":"","meta":{"om_disable_all_campaigns":false,"_monsterinsights_skip_tracking":false,"_monsterinsights_sitenote_active":false,"_monsterinsights_sitenote_note":"","_monsterinsights_sitenote_category":0,"_uf_show_specific_survey":0,"_uf_disable_surveys":false},"product_cat":[39],"product_tag":[],"aioseo_notices":[],"jetpack_sharing_enabled":true,"_links":{"self":[{"href":"https:\/\/casadolivreiro.pt\/index.php\/wp-json\/wp\/v2\/product\/4662"}],"collection":[{"href":"https:\/\/casadolivreiro.pt\/index.php\/wp-json\/wp\/v2\/product"}],"about":[{"href":"https:\/\/casadolivreiro.pt\/index.php\/wp-json\/wp\/v2\/types\/product"}],"replies":[{"embeddable":true,"href":"https:\/\/casadolivreiro.pt\/index.php\/wp-json\/wp\/v2\/comments?post=4662"}],"wp:featuredmedia":[{"embeddable":true,"href":"https:\/\/casadolivreiro.pt\/index.php\/wp-json\/wp\/v2\/media\/4663"}],"wp:attachment":[{"href":"https:\/\/casadolivreiro.pt\/index.php\/wp-json\/wp\/v2\/media?parent=4662"}],"wp:term":[{"taxonomy":"product_cat","embeddable":true,"href":"https:\/\/casadolivreiro.pt\/index.php\/wp-json\/wp\/v2\/product_cat?post=4662"},{"taxonomy":"product_tag","embeddable":true,"href":"https:\/\/casadolivreiro.pt\/index.php\/wp-json\/wp\/v2\/product_tag?post=4662"}],"curies":[{"name":"wp","href":"https:\/\/api.w.org\/{rel}","templated":true}]}}