{"id":4660,"date":"2025-04-14T23:42:35","date_gmt":"2025-04-14T23:42:35","guid":{"rendered":"https:\/\/casadolivreiro.pt\/?post_type=product&#038;p=4660"},"modified":"2025-04-14T23:42:36","modified_gmt":"2025-04-14T23:42:36","slug":"parkieten-perruches","status":"publish","type":"product","link":"https:\/\/casadolivreiro.pt\/index.php\/product\/parkieten-perruches\/","title":{"rendered":"PARKIETEN: PERRUCHES"},"content":{"rendered":"<p>PARKIETEN: PERRUCHES<\/p>\n<p>Ano de edi\u00e7\u00e3o:<\/p>\n<p>Editor: Royale P. Sluis N.V., Weesp (Pays-Bas)<\/p>\n<p>Idioma: Franc\u00eas<\/p>\n<p>Dimens\u00f5es: 13 x 0.1 x 18<\/p>\n<p>Encaderna\u00e7\u00e3o: capa mole<\/p>\n<p>P\u00e1ginas: 22<\/p>\n","protected":false},"excerpt":{"rendered":"<p>PARKIETEN: PERRUCHES Ano de edi\u00e7\u00e3o: Editor: Royale P. Sluis N.V., Weesp (Pays-Bas) Idioma: Franc\u00eas Dimens\u00f5es: 13 x 0.1 x 18 Encaderna\u00e7\u00e3o: capa mole P\u00e1ginas: 22<\/p>\n","protected":false},"featured_media":4661,"comment_status":"open","ping_status":"closed","template":"","meta":{"om_disable_all_campaigns":false,"_monsterinsights_skip_tracking":false,"_monsterinsights_sitenote_active":false,"_monsterinsights_sitenote_note":"","_monsterinsights_sitenote_category":0,"_uf_show_specific_survey":0,"_uf_disable_surveys":false},"product_cat":[39,66],"product_tag":[],"aioseo_notices":[],"jetpack_sharing_enabled":true,"_links":{"self":[{"href":"https:\/\/casadolivreiro.pt\/index.php\/wp-json\/wp\/v2\/product\/4660"}],"collection":[{"href":"https:\/\/casadolivreiro.pt\/index.php\/wp-json\/wp\/v2\/product"}],"about":[{"href":"https:\/\/casadolivreiro.pt\/index.php\/wp-json\/wp\/v2\/types\/product"}],"replies":[{"embeddable":true,"href":"https:\/\/casadolivreiro.pt\/index.php\/wp-json\/wp\/v2\/comments?post=4660"}],"wp:featuredmedia":[{"embeddable":true,"href":"https:\/\/casadolivreiro.pt\/index.php\/wp-json\/wp\/v2\/media\/4661"}],"wp:attachment":[{"href":"https:\/\/casadolivreiro.pt\/index.php\/wp-json\/wp\/v2\/media?parent=4660"}],"wp:term":[{"taxonomy":"product_cat","embeddable":true,"href":"https:\/\/casadolivreiro.pt\/index.php\/wp-json\/wp\/v2\/product_cat?post=4660"},{"taxonomy":"product_tag","embeddable":true,"href":"https:\/\/casadolivreiro.pt\/index.php\/wp-json\/wp\/v2\/product_tag?post=4660"}],"curies":[{"name":"wp","href":"https:\/\/api.w.org\/{rel}","templated":true}]}}