{"id":4658,"date":"2025-04-14T23:30:30","date_gmt":"2025-04-14T23:30:30","guid":{"rendered":"https:\/\/casadolivreiro.pt\/?post_type=product&#038;p=4658"},"modified":"2025-04-14T23:30:30","modified_gmt":"2025-04-14T23:30:30","slug":"os-passaros-bosques-parques-e-jardins-lars-jonsson","status":"publish","type":"product","link":"https:\/\/casadolivreiro.pt\/index.php\/product\/os-passaros-bosques-parques-e-jardins-lars-jonsson\/","title":{"rendered":"OS P\u00c1SSAROS: Bosques, parques e jardins \u2013 Lars Jonsson"},"content":{"rendered":"<p>OS P\u00c1SSAROS: Bosques, parques e jardins \u2013 Lars Jonsson<\/p>\n<p>Tradu\u00e7\u00e3o de Drs. Clarise TavaRES E j. Santos Tavares<\/p>\n<p>Ano de edi\u00e7\u00e3o:\u00a0 2.\u00ba edi\u00e7\u00e3o<\/p>\n<p>Editor: Circulo de Leitores<\/p>\n<p>Idioma: Portugu\u00eas<\/p>\n<p>Dimens\u00f5es: 12.3 x 1.3 x 20.5<\/p>\n<p>Encaderna\u00e7\u00e3o: capa dura<\/p>\n<p>P\u00e1ginas: 127<\/p>\n","protected":false},"excerpt":{"rendered":"<p>OS P\u00c1SSAROS: Bosques, parques e jardins \u2013 Lars Jonsson Tradu\u00e7\u00e3o de Drs. Clarise TavaRES E j. Santos Tavares Ano de edi\u00e7\u00e3o:\u00a0 2.\u00ba edi\u00e7\u00e3o Editor: Circulo de Leitores Idioma: Portugu\u00eas Dimens\u00f5es: 12.3 x 1.3 x 20.5 Encaderna\u00e7\u00e3o: capa dura P\u00e1ginas: 127<\/p>\n","protected":false},"featured_media":4659,"comment_status":"open","ping_status":"closed","template":"","meta":{"om_disable_all_campaigns":false,"_monsterinsights_skip_tracking":false,"_monsterinsights_sitenote_active":false,"_monsterinsights_sitenote_note":"","_monsterinsights_sitenote_category":0,"_uf_show_specific_survey":0,"_uf_disable_surveys":false},"product_cat":[50,66],"product_tag":[],"aioseo_notices":[],"jetpack_sharing_enabled":true,"_links":{"self":[{"href":"https:\/\/casadolivreiro.pt\/index.php\/wp-json\/wp\/v2\/product\/4658"}],"collection":[{"href":"https:\/\/casadolivreiro.pt\/index.php\/wp-json\/wp\/v2\/product"}],"about":[{"href":"https:\/\/casadolivreiro.pt\/index.php\/wp-json\/wp\/v2\/types\/product"}],"replies":[{"embeddable":true,"href":"https:\/\/casadolivreiro.pt\/index.php\/wp-json\/wp\/v2\/comments?post=4658"}],"wp:featuredmedia":[{"embeddable":true,"href":"https:\/\/casadolivreiro.pt\/index.php\/wp-json\/wp\/v2\/media\/4659"}],"wp:attachment":[{"href":"https:\/\/casadolivreiro.pt\/index.php\/wp-json\/wp\/v2\/media?parent=4658"}],"wp:term":[{"taxonomy":"product_cat","embeddable":true,"href":"https:\/\/casadolivreiro.pt\/index.php\/wp-json\/wp\/v2\/product_cat?post=4658"},{"taxonomy":"product_tag","embeddable":true,"href":"https:\/\/casadolivreiro.pt\/index.php\/wp-json\/wp\/v2\/product_tag?post=4658"}],"curies":[{"name":"wp","href":"https:\/\/api.w.org\/{rel}","templated":true}]}}