{"id":4654,"date":"2025-04-14T23:14:50","date_gmt":"2025-04-14T23:14:50","guid":{"rendered":"https:\/\/casadolivreiro.pt\/?post_type=product&#038;p=4654"},"modified":"2025-04-14T23:14:50","modified_gmt":"2025-04-14T23:14:50","slug":"silvicultura-geral-volume-1-mario-a-silveira-da-costa","status":"publish","type":"product","link":"https:\/\/casadolivreiro.pt\/index.php\/product\/silvicultura-geral-volume-1-mario-a-silveira-da-costa\/","title":{"rendered":"SILVICULTURA GERAL , Volume 1 \u2013 M\u00e1rio A. Silveira da Costa"},"content":{"rendered":"<p>SILVICULTURA GERAL , Volume 1 \u2013 M\u00e1rio A. Silveira da Costa<\/p>\n<p>Ano de edi\u00e7\u00e3o:\u00a0 1994<\/p>\n<p>Editor: Litexa Editora, Lda. Lisboa, Porto<\/p>\n<p>Idioma: Portugu\u00eas<\/p>\n<p>Dimens\u00f5es: 14.7 x 1.4 x 20.5<\/p>\n<p>Encaderna\u00e7\u00e3o: capa mole<\/p>\n<p>P\u00e1ginas: 262<\/p>\n","protected":false},"excerpt":{"rendered":"<p>SILVICULTURA GERAL , Volume 1 \u2013 M\u00e1rio A. Silveira da Costa Ano de edi\u00e7\u00e3o:\u00a0 1994 Editor: Litexa Editora, Lda. Lisboa, Porto Idioma: Portugu\u00eas Dimens\u00f5es: 14.7 x 1.4 x 20.5 Encaderna\u00e7\u00e3o: capa mole P\u00e1ginas: 262<\/p>\n","protected":false},"featured_media":4655,"comment_status":"open","ping_status":"closed","template":"","meta":{"om_disable_all_campaigns":false,"_monsterinsights_skip_tracking":false,"_monsterinsights_sitenote_active":false,"_monsterinsights_sitenote_note":"","_monsterinsights_sitenote_category":0,"_uf_show_specific_survey":0,"_uf_disable_surveys":false},"product_cat":[66],"product_tag":[],"aioseo_notices":[],"jetpack_sharing_enabled":true,"_links":{"self":[{"href":"https:\/\/casadolivreiro.pt\/index.php\/wp-json\/wp\/v2\/product\/4654"}],"collection":[{"href":"https:\/\/casadolivreiro.pt\/index.php\/wp-json\/wp\/v2\/product"}],"about":[{"href":"https:\/\/casadolivreiro.pt\/index.php\/wp-json\/wp\/v2\/types\/product"}],"replies":[{"embeddable":true,"href":"https:\/\/casadolivreiro.pt\/index.php\/wp-json\/wp\/v2\/comments?post=4654"}],"wp:featuredmedia":[{"embeddable":true,"href":"https:\/\/casadolivreiro.pt\/index.php\/wp-json\/wp\/v2\/media\/4655"}],"wp:attachment":[{"href":"https:\/\/casadolivreiro.pt\/index.php\/wp-json\/wp\/v2\/media?parent=4654"}],"wp:term":[{"taxonomy":"product_cat","embeddable":true,"href":"https:\/\/casadolivreiro.pt\/index.php\/wp-json\/wp\/v2\/product_cat?post=4654"},{"taxonomy":"product_tag","embeddable":true,"href":"https:\/\/casadolivreiro.pt\/index.php\/wp-json\/wp\/v2\/product_tag?post=4654"}],"curies":[{"name":"wp","href":"https:\/\/api.w.org\/{rel}","templated":true}]}}