{"id":4650,"date":"2025-04-14T22:55:17","date_gmt":"2025-04-14T22:55:17","guid":{"rendered":"https:\/\/casadolivreiro.pt\/?post_type=product&#038;p=4650"},"modified":"2025-04-14T22:55:17","modified_gmt":"2025-04-14T22:55:17","slug":"guia-da-caca-1999-2000-uma-edicao-especial-revista-fortunas-negocios","status":"publish","type":"product","link":"https:\/\/casadolivreiro.pt\/index.php\/product\/guia-da-caca-1999-2000-uma-edicao-especial-revista-fortunas-negocios\/","title":{"rendered":"GUIA DA CA\u00c7A 1999-2000 \u2013 Uma edi\u00e7\u00e3o Especial Revista \u201cFortunas &#038; Neg\u00f3cios\u201d"},"content":{"rendered":"<p>GUIA DA CA\u00c7A 1999-2000 \u2013 Uma edi\u00e7\u00e3o Especial Revista \u201cFortunas &amp; Neg\u00f3cios\u201d<\/p>\n<p>Ano de edi\u00e7\u00e3o:\u00a0 1998<\/p>\n<p>Editor: Fortunas &amp; Neg\u00f3cios<\/p>\n<p>Idioma: Portugu\u00eas<\/p>\n<p>Dimens\u00f5es: 14.8 x 0.6 x 21<\/p>\n<p>Encaderna\u00e7\u00e3o: capa mole<\/p>\n<p>P\u00e1ginas: 88<\/p>\n","protected":false},"excerpt":{"rendered":"<p>GUIA DA CA\u00c7A 1999-2000 \u2013 Uma edi\u00e7\u00e3o Especial Revista \u201cFortunas &amp; Neg\u00f3cios\u201d Ano de edi\u00e7\u00e3o:\u00a0 1998 Editor: Fortunas &amp; Neg\u00f3cios Idioma: Portugu\u00eas Dimens\u00f5es: 14.8 x 0.6 x 21 Encaderna\u00e7\u00e3o: capa mole P\u00e1ginas: 88<\/p>\n","protected":false},"featured_media":4651,"comment_status":"open","ping_status":"closed","template":"","meta":{"om_disable_all_campaigns":false,"_monsterinsights_skip_tracking":false,"_monsterinsights_sitenote_active":false,"_monsterinsights_sitenote_note":"","_monsterinsights_sitenote_category":0,"_uf_show_specific_survey":0,"_uf_disable_surveys":false},"product_cat":[39,66],"product_tag":[],"aioseo_notices":[],"jetpack_sharing_enabled":true,"_links":{"self":[{"href":"https:\/\/casadolivreiro.pt\/index.php\/wp-json\/wp\/v2\/product\/4650"}],"collection":[{"href":"https:\/\/casadolivreiro.pt\/index.php\/wp-json\/wp\/v2\/product"}],"about":[{"href":"https:\/\/casadolivreiro.pt\/index.php\/wp-json\/wp\/v2\/types\/product"}],"replies":[{"embeddable":true,"href":"https:\/\/casadolivreiro.pt\/index.php\/wp-json\/wp\/v2\/comments?post=4650"}],"wp:featuredmedia":[{"embeddable":true,"href":"https:\/\/casadolivreiro.pt\/index.php\/wp-json\/wp\/v2\/media\/4651"}],"wp:attachment":[{"href":"https:\/\/casadolivreiro.pt\/index.php\/wp-json\/wp\/v2\/media?parent=4650"}],"wp:term":[{"taxonomy":"product_cat","embeddable":true,"href":"https:\/\/casadolivreiro.pt\/index.php\/wp-json\/wp\/v2\/product_cat?post=4650"},{"taxonomy":"product_tag","embeddable":true,"href":"https:\/\/casadolivreiro.pt\/index.php\/wp-json\/wp\/v2\/product_tag?post=4650"}],"curies":[{"name":"wp","href":"https:\/\/api.w.org\/{rel}","templated":true}]}}