{"id":4648,"date":"2025-04-14T22:48:37","date_gmt":"2025-04-14T22:48:37","guid":{"rendered":"https:\/\/casadolivreiro.pt\/?post_type=product&#038;p=4648"},"modified":"2025-04-14T22:48:37","modified_gmt":"2025-04-14T22:48:37","slug":"saber-descontrair-se-metodos-para-um-completo-bem-estar-simon-monneret","status":"publish","type":"product","link":"https:\/\/casadolivreiro.pt\/index.php\/product\/saber-descontrair-se-metodos-para-um-completo-bem-estar-simon-monneret\/","title":{"rendered":"SABER DESCONTRAIR-SE: m\u00e9todos para um completo bem-estar \u2013 Simon Monneret"},"content":{"rendered":"<p>SABER DESCONTRAIR-SE: m\u00e9todos para um completo bem-estar \u2013 Simon Monneret<\/p>\n<p>Colec\u00e7\u00e3o: Arte de Viver<\/p>\n<p>Tradu\u00e7\u00e3o de Ana Maria Coelho de Sousa, Manuel Ferreira da Silva, Virgilio Madureira<\/p>\n<p>Ano de edi\u00e7\u00e3o:\u00a0 1986<\/p>\n<p>Editor: Verbo<\/p>\n<p>Idioma: Portugu\u00eas<\/p>\n<p>Dimens\u00f5es: 15.2 x 1.2 x 20<\/p>\n<p>Encaderna\u00e7\u00e3o: capa mole<\/p>\n<p>P\u00e1ginas: 188<\/p>\n","protected":false},"excerpt":{"rendered":"<p>SABER DESCONTRAIR-SE: m\u00e9todos para um completo bem-estar \u2013 Simon Monneret Colec\u00e7\u00e3o: Arte de Viver Tradu\u00e7\u00e3o de Ana Maria Coelho de Sousa, Manuel Ferreira da Silva, Virgilio Madureira Ano de edi\u00e7\u00e3o:\u00a0 1986 Editor: Verbo Idioma: Portugu\u00eas Dimens\u00f5es: 15.2 x 1.2 x 20 Encaderna\u00e7\u00e3o: capa mole P\u00e1ginas: 188<\/p>\n","protected":false},"featured_media":4649,"comment_status":"open","ping_status":"closed","template":"","meta":{"om_disable_all_campaigns":false,"_monsterinsights_skip_tracking":false,"_monsterinsights_sitenote_active":false,"_monsterinsights_sitenote_note":"","_monsterinsights_sitenote_category":0,"_uf_show_specific_survey":0,"_uf_disable_surveys":false},"product_cat":[43,66],"product_tag":[],"aioseo_notices":[],"jetpack_sharing_enabled":true,"_links":{"self":[{"href":"https:\/\/casadolivreiro.pt\/index.php\/wp-json\/wp\/v2\/product\/4648"}],"collection":[{"href":"https:\/\/casadolivreiro.pt\/index.php\/wp-json\/wp\/v2\/product"}],"about":[{"href":"https:\/\/casadolivreiro.pt\/index.php\/wp-json\/wp\/v2\/types\/product"}],"replies":[{"embeddable":true,"href":"https:\/\/casadolivreiro.pt\/index.php\/wp-json\/wp\/v2\/comments?post=4648"}],"wp:featuredmedia":[{"embeddable":true,"href":"https:\/\/casadolivreiro.pt\/index.php\/wp-json\/wp\/v2\/media\/4649"}],"wp:attachment":[{"href":"https:\/\/casadolivreiro.pt\/index.php\/wp-json\/wp\/v2\/media?parent=4648"}],"wp:term":[{"taxonomy":"product_cat","embeddable":true,"href":"https:\/\/casadolivreiro.pt\/index.php\/wp-json\/wp\/v2\/product_cat?post=4648"},{"taxonomy":"product_tag","embeddable":true,"href":"https:\/\/casadolivreiro.pt\/index.php\/wp-json\/wp\/v2\/product_tag?post=4648"}],"curies":[{"name":"wp","href":"https:\/\/api.w.org\/{rel}","templated":true}]}}