{"id":4646,"date":"2025-04-14T22:42:15","date_gmt":"2025-04-14T22:42:15","guid":{"rendered":"https:\/\/casadolivreiro.pt\/?post_type=product&#038;p=4646"},"modified":"2025-04-14T22:42:15","modified_gmt":"2025-04-14T22:42:15","slug":"o-livro-das-boas-maneiras-marcelle-fortin-jacques","status":"publish","type":"product","link":"https:\/\/casadolivreiro.pt\/index.php\/product\/o-livro-das-boas-maneiras-marcelle-fortin-jacques\/","title":{"rendered":"O LIVRO DAS BOAS MANEIRAS \u2013 Marcelle Fortin-Jacques"},"content":{"rendered":"<p>O LIVRO DAS BOAS MANEIRAS \u2013 Marcelle Fortin-Jacques<\/p>\n<p>Colec\u00e7\u00e3o: Arte de Viver<\/p>\n<p>Tradu\u00e7\u00e3o de Teresa Cardoso<\/p>\n<p>Ano de edi\u00e7\u00e3o:<\/p>\n<p>Editor: Europa-Am\u00e9rica<\/p>\n<p>Idioma: Portugu\u00eas<\/p>\n<p>Dimens\u00f5es: 13.9 x 1 x 20.7<\/p>\n<p>Encaderna\u00e7\u00e3o: capa mole<\/p>\n<p>P\u00e1ginas: 164<\/p>\n","protected":false},"excerpt":{"rendered":"<p>O LIVRO DAS BOAS MANEIRAS \u2013 Marcelle Fortin-Jacques Colec\u00e7\u00e3o: Arte de Viver Tradu\u00e7\u00e3o de Teresa Cardoso Ano de edi\u00e7\u00e3o: Editor: Europa-Am\u00e9rica Idioma: Portugu\u00eas Dimens\u00f5es: 13.9 x 1 x 20.7 Encaderna\u00e7\u00e3o: capa mole P\u00e1ginas: 164<\/p>\n","protected":false},"featured_media":4647,"comment_status":"open","ping_status":"closed","template":"","meta":{"om_disable_all_campaigns":false,"_monsterinsights_skip_tracking":false,"_monsterinsights_sitenote_active":false,"_monsterinsights_sitenote_note":"","_monsterinsights_sitenote_category":0,"_uf_show_specific_survey":0,"_uf_disable_surveys":false},"product_cat":[66],"product_tag":[],"aioseo_notices":[],"jetpack_sharing_enabled":true,"_links":{"self":[{"href":"https:\/\/casadolivreiro.pt\/index.php\/wp-json\/wp\/v2\/product\/4646"}],"collection":[{"href":"https:\/\/casadolivreiro.pt\/index.php\/wp-json\/wp\/v2\/product"}],"about":[{"href":"https:\/\/casadolivreiro.pt\/index.php\/wp-json\/wp\/v2\/types\/product"}],"replies":[{"embeddable":true,"href":"https:\/\/casadolivreiro.pt\/index.php\/wp-json\/wp\/v2\/comments?post=4646"}],"wp:featuredmedia":[{"embeddable":true,"href":"https:\/\/casadolivreiro.pt\/index.php\/wp-json\/wp\/v2\/media\/4647"}],"wp:attachment":[{"href":"https:\/\/casadolivreiro.pt\/index.php\/wp-json\/wp\/v2\/media?parent=4646"}],"wp:term":[{"taxonomy":"product_cat","embeddable":true,"href":"https:\/\/casadolivreiro.pt\/index.php\/wp-json\/wp\/v2\/product_cat?post=4646"},{"taxonomy":"product_tag","embeddable":true,"href":"https:\/\/casadolivreiro.pt\/index.php\/wp-json\/wp\/v2\/product_tag?post=4646"}],"curies":[{"name":"wp","href":"https:\/\/api.w.org\/{rel}","templated":true}]}}