{"id":4644,"date":"2025-04-14T22:28:24","date_gmt":"2025-04-14T22:28:24","guid":{"rendered":"https:\/\/casadolivreiro.pt\/?post_type=product&#038;p=4644"},"modified":"2025-04-14T22:28:24","modified_gmt":"2025-04-14T22:28:24","slug":"os-segredos-para-evitar-a-queda-do-cabelo-e-encorajar-o-seu-crescimento-stella-weller","status":"publish","type":"product","link":"https:\/\/casadolivreiro.pt\/index.php\/product\/os-segredos-para-evitar-a-queda-do-cabelo-e-encorajar-o-seu-crescimento-stella-weller\/","title":{"rendered":"OS SEGREDOS PARA EVITAR A QUEDA DO CABELO E ENCORAJAR O SEU CRESCIMENTO \u2013 Stella Weller"},"content":{"rendered":"<p>OS SEGREDOS PARA EVITAR A QUEDA DO CABELO E ENCORAJAR O SEU CRESCIMENTO \u2013 Stella Weller<\/p>\n<p>Colec\u00e7\u00e3o: Arte de Viver<\/p>\n<p>Tradu\u00e7\u00e3o de Maria Ana Cunha<\/p>\n<p>Ano de edi\u00e7\u00e3o:\u00a0 1986<\/p>\n<p>Editor: Verbo<\/p>\n<p>Idioma: Portugu\u00eas<\/p>\n<p>Dimens\u00f5es: 15.2 x 1.2 x 20<\/p>\n<p>Encaderna\u00e7\u00e3o: capa mole<\/p>\n<p>P\u00e1ginas: 183<\/p>\n","protected":false},"excerpt":{"rendered":"<p>OS SEGREDOS PARA EVITAR A QUEDA DO CABELO E ENCORAJAR O SEU CRESCIMENTO \u2013 Stella Weller Colec\u00e7\u00e3o: Arte de Viver Tradu\u00e7\u00e3o de Maria Ana Cunha Ano de edi\u00e7\u00e3o:\u00a0 1986 Editor: Verbo Idioma: Portugu\u00eas Dimens\u00f5es: 15.2 x 1.2 x 20 Encaderna\u00e7\u00e3o: capa mole P\u00e1ginas: 183<\/p>\n","protected":false},"featured_media":4645,"comment_status":"open","ping_status":"closed","template":"","meta":{"om_disable_all_campaigns":false,"_monsterinsights_skip_tracking":false,"_monsterinsights_sitenote_active":false,"_monsterinsights_sitenote_note":"","_monsterinsights_sitenote_category":0,"_uf_show_specific_survey":0,"_uf_disable_surveys":false},"product_cat":[43,66],"product_tag":[],"aioseo_notices":[],"jetpack_sharing_enabled":true,"_links":{"self":[{"href":"https:\/\/casadolivreiro.pt\/index.php\/wp-json\/wp\/v2\/product\/4644"}],"collection":[{"href":"https:\/\/casadolivreiro.pt\/index.php\/wp-json\/wp\/v2\/product"}],"about":[{"href":"https:\/\/casadolivreiro.pt\/index.php\/wp-json\/wp\/v2\/types\/product"}],"replies":[{"embeddable":true,"href":"https:\/\/casadolivreiro.pt\/index.php\/wp-json\/wp\/v2\/comments?post=4644"}],"wp:featuredmedia":[{"embeddable":true,"href":"https:\/\/casadolivreiro.pt\/index.php\/wp-json\/wp\/v2\/media\/4645"}],"wp:attachment":[{"href":"https:\/\/casadolivreiro.pt\/index.php\/wp-json\/wp\/v2\/media?parent=4644"}],"wp:term":[{"taxonomy":"product_cat","embeddable":true,"href":"https:\/\/casadolivreiro.pt\/index.php\/wp-json\/wp\/v2\/product_cat?post=4644"},{"taxonomy":"product_tag","embeddable":true,"href":"https:\/\/casadolivreiro.pt\/index.php\/wp-json\/wp\/v2\/product_tag?post=4644"}],"curies":[{"name":"wp","href":"https:\/\/api.w.org\/{rel}","templated":true}]}}