{"id":4640,"date":"2025-04-14T22:20:35","date_gmt":"2025-04-14T22:20:35","guid":{"rendered":"https:\/\/casadolivreiro.pt\/?post_type=product&#038;p=4640"},"modified":"2025-04-14T22:20:35","modified_gmt":"2025-04-14T22:20:35","slug":"metodo-unisex-back-57-os-exercicios-fisicos","status":"publish","type":"product","link":"https:\/\/casadolivreiro.pt\/index.php\/product\/metodo-unisex-back-57-os-exercicios-fisicos\/","title":{"rendered":"M\u00c9TODO UNISEX: BACK-57 (os exerc\u00edcios  f\u00edsicos)"},"content":{"rendered":"<p>M\u00c9TODO UNISEX: BACK-57 (os exerc\u00edcios\u00a0 f\u00edsicos)<\/p>\n<p>Ano de edi\u00e7\u00e3o:<\/p>\n<p>Editor:<\/p>\n<p>Idioma: Portugu\u00eas<\/p>\n<p>Dimens\u00f5es: 14.5 x 0.2 x 20.7<\/p>\n<p>Encaderna\u00e7\u00e3o: capa mole<\/p>\n<p>P\u00e1ginas: 34<\/p>\n","protected":false},"excerpt":{"rendered":"<p>M\u00c9TODO UNISEX: BACK-57 (os exerc\u00edcios\u00a0 f\u00edsicos) Ano de edi\u00e7\u00e3o: Editor: Idioma: Portugu\u00eas Dimens\u00f5es: 14.5 x 0.2 x 20.7 Encaderna\u00e7\u00e3o: capa mole P\u00e1ginas: 34<\/p>\n","protected":false},"featured_media":4641,"comment_status":"open","ping_status":"closed","template":"","meta":{"om_disable_all_campaigns":false,"_monsterinsights_skip_tracking":false,"_monsterinsights_sitenote_active":false,"_monsterinsights_sitenote_note":"","_monsterinsights_sitenote_category":0,"_uf_show_specific_survey":0,"_uf_disable_surveys":false},"product_cat":[39],"product_tag":[],"aioseo_notices":[],"jetpack_sharing_enabled":true,"_links":{"self":[{"href":"https:\/\/casadolivreiro.pt\/index.php\/wp-json\/wp\/v2\/product\/4640"}],"collection":[{"href":"https:\/\/casadolivreiro.pt\/index.php\/wp-json\/wp\/v2\/product"}],"about":[{"href":"https:\/\/casadolivreiro.pt\/index.php\/wp-json\/wp\/v2\/types\/product"}],"replies":[{"embeddable":true,"href":"https:\/\/casadolivreiro.pt\/index.php\/wp-json\/wp\/v2\/comments?post=4640"}],"wp:featuredmedia":[{"embeddable":true,"href":"https:\/\/casadolivreiro.pt\/index.php\/wp-json\/wp\/v2\/media\/4641"}],"wp:attachment":[{"href":"https:\/\/casadolivreiro.pt\/index.php\/wp-json\/wp\/v2\/media?parent=4640"}],"wp:term":[{"taxonomy":"product_cat","embeddable":true,"href":"https:\/\/casadolivreiro.pt\/index.php\/wp-json\/wp\/v2\/product_cat?post=4640"},{"taxonomy":"product_tag","embeddable":true,"href":"https:\/\/casadolivreiro.pt\/index.php\/wp-json\/wp\/v2\/product_tag?post=4640"}],"curies":[{"name":"wp","href":"https:\/\/api.w.org\/{rel}","templated":true}]}}