{"id":4638,"date":"2025-04-14T20:38:48","date_gmt":"2025-04-14T20:38:48","guid":{"rendered":"https:\/\/casadolivreiro.pt\/?post_type=product&#038;p=4638"},"modified":"2025-04-14T20:38:49","modified_gmt":"2025-04-14T20:38:49","slug":"bem-dizer-bem-escrever-edite-estrela","status":"publish","type":"product","link":"https:\/\/casadolivreiro.pt\/index.php\/product\/bem-dizer-bem-escrever-edite-estrela\/","title":{"rendered":"BEM DIZER BEM ESCREVER \u2013 Edite Estrela"},"content":{"rendered":"<p>BEM DIZER BEM ESCREVER \u2013 Edite Estrela<\/p>\n<p>Colec\u00e7\u00e3o Lingu\u00edstica<\/p>\n<p>Ano de edi\u00e7\u00e3o:\u00a0 1985<\/p>\n<p>Editor: Editorial Not\u00edcias<\/p>\n<p>Idioma: Portugu\u00eas<\/p>\n<p>Dimens\u00f5es: 14 x 1.2 x 20.7<\/p>\n<p>Encaderna\u00e7\u00e3o: capa mole<\/p>\n<p>P\u00e1ginas: 206<\/p>\n","protected":false},"excerpt":{"rendered":"<p>BEM DIZER BEM ESCREVER \u2013 Edite Estrela Colec\u00e7\u00e3o Lingu\u00edstica Ano de edi\u00e7\u00e3o:\u00a0 1985 Editor: Editorial Not\u00edcias Idioma: Portugu\u00eas Dimens\u00f5es: 14 x 1.2 x 20.7 Encaderna\u00e7\u00e3o: capa mole P\u00e1ginas: 206<\/p>\n","protected":false},"featured_media":4639,"comment_status":"open","ping_status":"closed","template":"","meta":{"om_disable_all_campaigns":false,"_monsterinsights_skip_tracking":false,"_monsterinsights_sitenote_active":false,"_monsterinsights_sitenote_note":"","_monsterinsights_sitenote_category":0,"_uf_show_specific_survey":0,"_uf_disable_surveys":false},"product_cat":[47,59,66],"product_tag":[],"aioseo_notices":[],"jetpack_sharing_enabled":true,"_links":{"self":[{"href":"https:\/\/casadolivreiro.pt\/index.php\/wp-json\/wp\/v2\/product\/4638"}],"collection":[{"href":"https:\/\/casadolivreiro.pt\/index.php\/wp-json\/wp\/v2\/product"}],"about":[{"href":"https:\/\/casadolivreiro.pt\/index.php\/wp-json\/wp\/v2\/types\/product"}],"replies":[{"embeddable":true,"href":"https:\/\/casadolivreiro.pt\/index.php\/wp-json\/wp\/v2\/comments?post=4638"}],"wp:featuredmedia":[{"embeddable":true,"href":"https:\/\/casadolivreiro.pt\/index.php\/wp-json\/wp\/v2\/media\/4639"}],"wp:attachment":[{"href":"https:\/\/casadolivreiro.pt\/index.php\/wp-json\/wp\/v2\/media?parent=4638"}],"wp:term":[{"taxonomy":"product_cat","embeddable":true,"href":"https:\/\/casadolivreiro.pt\/index.php\/wp-json\/wp\/v2\/product_cat?post=4638"},{"taxonomy":"product_tag","embeddable":true,"href":"https:\/\/casadolivreiro.pt\/index.php\/wp-json\/wp\/v2\/product_tag?post=4638"}],"curies":[{"name":"wp","href":"https:\/\/api.w.org\/{rel}","templated":true}]}}