{"id":4636,"date":"2025-04-14T20:30:35","date_gmt":"2025-04-14T20:30:35","guid":{"rendered":"https:\/\/casadolivreiro.pt\/?post_type=product&#038;p=4636"},"modified":"2025-04-14T20:30:35","modified_gmt":"2025-04-14T20:30:35","slug":"manual-de-massagem-dr-fred-vasques-homem","status":"publish","type":"product","link":"https:\/\/casadolivreiro.pt\/index.php\/product\/manual-de-massagem-dr-fred-vasques-homem\/","title":{"rendered":"MANUAL DE MASSAGEM -Dr. Fred Vasques Homem"},"content":{"rendered":"<p>MANUAL DE MASSAGEM -Dr. Fred Vasques Homem<\/p>\n<p>Colec\u00e7\u00e3o Vida e Sa\u00fade<\/p>\n<p>Ano de edi\u00e7\u00e3o:<\/p>\n<p>Editor: Livraria Progresso Editora<\/p>\n<p>Idioma: Portugu\u00eas<\/p>\n<p>Dimens\u00f5es: 13.3 x 1.9 x 20.2<\/p>\n<p>Encaderna\u00e7\u00e3o: capa mole<\/p>\n<p>P\u00e1ginas: 315<\/p>\n","protected":false},"excerpt":{"rendered":"<p>MANUAL DE MASSAGEM -Dr. Fred Vasques Homem Colec\u00e7\u00e3o Vida e Sa\u00fade Ano de edi\u00e7\u00e3o: Editor: Livraria Progresso Editora Idioma: Portugu\u00eas Dimens\u00f5es: 13.3 x 1.9 x 20.2 Encaderna\u00e7\u00e3o: capa mole P\u00e1ginas: 315<\/p>\n","protected":false},"featured_media":4637,"comment_status":"open","ping_status":"closed","template":"","meta":{"om_disable_all_campaigns":false,"_monsterinsights_skip_tracking":false,"_monsterinsights_sitenote_active":false,"_monsterinsights_sitenote_note":"","_monsterinsights_sitenote_category":0,"_uf_show_specific_survey":0,"_uf_disable_surveys":false},"product_cat":[43,66],"product_tag":[],"aioseo_notices":[],"jetpack_sharing_enabled":true,"_links":{"self":[{"href":"https:\/\/casadolivreiro.pt\/index.php\/wp-json\/wp\/v2\/product\/4636"}],"collection":[{"href":"https:\/\/casadolivreiro.pt\/index.php\/wp-json\/wp\/v2\/product"}],"about":[{"href":"https:\/\/casadolivreiro.pt\/index.php\/wp-json\/wp\/v2\/types\/product"}],"replies":[{"embeddable":true,"href":"https:\/\/casadolivreiro.pt\/index.php\/wp-json\/wp\/v2\/comments?post=4636"}],"wp:featuredmedia":[{"embeddable":true,"href":"https:\/\/casadolivreiro.pt\/index.php\/wp-json\/wp\/v2\/media\/4637"}],"wp:attachment":[{"href":"https:\/\/casadolivreiro.pt\/index.php\/wp-json\/wp\/v2\/media?parent=4636"}],"wp:term":[{"taxonomy":"product_cat","embeddable":true,"href":"https:\/\/casadolivreiro.pt\/index.php\/wp-json\/wp\/v2\/product_cat?post=4636"},{"taxonomy":"product_tag","embeddable":true,"href":"https:\/\/casadolivreiro.pt\/index.php\/wp-json\/wp\/v2\/product_tag?post=4636"}],"curies":[{"name":"wp","href":"https:\/\/api.w.org\/{rel}","templated":true}]}}