{"id":4620,"date":"2025-04-14T16:14:00","date_gmt":"2025-04-14T16:14:00","guid":{"rendered":"https:\/\/casadolivreiro.pt\/?post_type=product&#038;p=4620"},"modified":"2025-04-14T16:14:00","modified_gmt":"2025-04-14T16:14:00","slug":"as-leis-do-futebol-ao-alcance-de-todos-marques-de-matos","status":"publish","type":"product","link":"https:\/\/casadolivreiro.pt\/index.php\/product\/as-leis-do-futebol-ao-alcance-de-todos-marques-de-matos\/","title":{"rendered":"AS LEIS DO FUTEBOL AO ALCANCE DE TODOS \u2013 Marques de Matos"},"content":{"rendered":"<p>AS LEIS DO FUTEBOL AO ALCANCE DE TODOS \u2013 Marques de Matos<\/p>\n<p>Colec\u00e7\u00e3o Educa\u00e7\u00e3o f\u00edsica e desporto<\/p>\n<p>Ano de edi\u00e7\u00e3o:\u00a0 1980<\/p>\n<p>Editor: Compendium<\/p>\n<p>Idioma: Portugu\u00eas<\/p>\n<p>Dimens\u00f5es: 13.4 x 1 x 21<\/p>\n<p>Encaderna\u00e7\u00e3o: capa mole<\/p>\n<p>P\u00e1ginas: 194<\/p>\n","protected":false},"excerpt":{"rendered":"<p>AS LEIS DO FUTEBOL AO ALCANCE DE TODOS \u2013 Marques de Matos Colec\u00e7\u00e3o Educa\u00e7\u00e3o f\u00edsica e desporto Ano de edi\u00e7\u00e3o:\u00a0 1980 Editor: Compendium Idioma: Portugu\u00eas Dimens\u00f5es: 13.4 x 1 x 21 Encaderna\u00e7\u00e3o: capa mole P\u00e1ginas: 194<\/p>\n","protected":false},"featured_media":4621,"comment_status":"open","ping_status":"closed","template":"","meta":{"om_disable_all_campaigns":false,"_monsterinsights_skip_tracking":false,"_monsterinsights_sitenote_active":false,"_monsterinsights_sitenote_note":"","_monsterinsights_sitenote_category":0,"_uf_show_specific_survey":0,"_uf_disable_surveys":false},"product_cat":[39],"product_tag":[],"aioseo_notices":[],"jetpack_sharing_enabled":true,"_links":{"self":[{"href":"https:\/\/casadolivreiro.pt\/index.php\/wp-json\/wp\/v2\/product\/4620"}],"collection":[{"href":"https:\/\/casadolivreiro.pt\/index.php\/wp-json\/wp\/v2\/product"}],"about":[{"href":"https:\/\/casadolivreiro.pt\/index.php\/wp-json\/wp\/v2\/types\/product"}],"replies":[{"embeddable":true,"href":"https:\/\/casadolivreiro.pt\/index.php\/wp-json\/wp\/v2\/comments?post=4620"}],"wp:featuredmedia":[{"embeddable":true,"href":"https:\/\/casadolivreiro.pt\/index.php\/wp-json\/wp\/v2\/media\/4621"}],"wp:attachment":[{"href":"https:\/\/casadolivreiro.pt\/index.php\/wp-json\/wp\/v2\/media?parent=4620"}],"wp:term":[{"taxonomy":"product_cat","embeddable":true,"href":"https:\/\/casadolivreiro.pt\/index.php\/wp-json\/wp\/v2\/product_cat?post=4620"},{"taxonomy":"product_tag","embeddable":true,"href":"https:\/\/casadolivreiro.pt\/index.php\/wp-json\/wp\/v2\/product_tag?post=4620"}],"curies":[{"name":"wp","href":"https:\/\/api.w.org\/{rel}","templated":true}]}}