{"id":4618,"date":"2025-04-14T15:56:19","date_gmt":"2025-04-14T15:56:19","guid":{"rendered":"https:\/\/casadolivreiro.pt\/?post_type=product&#038;p=4618"},"modified":"2025-04-14T16:14:52","modified_gmt":"2025-04-14T16:14:52","slug":"desporto-e-politica-ensaios-para-a-sua-compreensao-noronha-feio","status":"publish","type":"product","link":"https:\/\/casadolivreiro.pt\/index.php\/product\/desporto-e-politica-ensaios-para-a-sua-compreensao-noronha-feio\/","title":{"rendered":"DESPORTO E POL\u00cdTICA: ENSAIOS PARA A SUA COMPREENS\u00c3O \u2013 Noronha Feio"},"content":{"rendered":"<p>DESPORTO E POL\u00cdTICA: ENSAIOS PARA A SUA COMPREENS\u00c3O \u2013 Noronha Feio<\/p>\n<p>Colec\u00e7\u00e3o Educa\u00e7\u00e3o f\u00edsica e desporto<\/p>\n<p>Ano de edi\u00e7\u00e3o:\u00a0 1982<\/p>\n<p>Editor: Compendium<\/p>\n<p>Idioma: Portugu\u00eas<\/p>\n<p>Dimens\u00f5es: 13.4 x 1 x 21<\/p>\n<p>Encaderna\u00e7\u00e3o: capa mole<\/p>\n<p>P\u00e1ginas: 195<\/p>\n","protected":false},"excerpt":{"rendered":"[contact-form][contact-field label=\"Name\" type=\"name\"  required=\"true\" \/][contact-field label=\"Email\" type=\"email\" required=\"true\" \/][contact-field label=\"Website\" type=\"url\" \/][contact-field label=\"Message\" type=\"textarea\" \/][\/contact-form]\n","protected":false},"featured_media":4619,"comment_status":"open","ping_status":"closed","template":"","meta":{"om_disable_all_campaigns":false,"_monsterinsights_skip_tracking":false,"_monsterinsights_sitenote_active":false,"_monsterinsights_sitenote_note":"","_monsterinsights_sitenote_category":0,"_uf_show_specific_survey":0,"_uf_disable_surveys":false},"product_cat":[39],"product_tag":[],"aioseo_notices":[],"jetpack_sharing_enabled":true,"_links":{"self":[{"href":"https:\/\/casadolivreiro.pt\/index.php\/wp-json\/wp\/v2\/product\/4618"}],"collection":[{"href":"https:\/\/casadolivreiro.pt\/index.php\/wp-json\/wp\/v2\/product"}],"about":[{"href":"https:\/\/casadolivreiro.pt\/index.php\/wp-json\/wp\/v2\/types\/product"}],"replies":[{"embeddable":true,"href":"https:\/\/casadolivreiro.pt\/index.php\/wp-json\/wp\/v2\/comments?post=4618"}],"wp:featuredmedia":[{"embeddable":true,"href":"https:\/\/casadolivreiro.pt\/index.php\/wp-json\/wp\/v2\/media\/4619"}],"wp:attachment":[{"href":"https:\/\/casadolivreiro.pt\/index.php\/wp-json\/wp\/v2\/media?parent=4618"}],"wp:term":[{"taxonomy":"product_cat","embeddable":true,"href":"https:\/\/casadolivreiro.pt\/index.php\/wp-json\/wp\/v2\/product_cat?post=4618"},{"taxonomy":"product_tag","embeddable":true,"href":"https:\/\/casadolivreiro.pt\/index.php\/wp-json\/wp\/v2\/product_tag?post=4618"}],"curies":[{"name":"wp","href":"https:\/\/api.w.org\/{rel}","templated":true}]}}