{"id":4615,"date":"2025-04-13T23:30:45","date_gmt":"2025-04-13T23:30:45","guid":{"rendered":"https:\/\/casadolivreiro.pt\/?post_type=product&#038;p=4615"},"modified":"2025-04-13T23:30:45","modified_gmt":"2025-04-13T23:30:45","slug":"licoes-biblicas-jovens-e-adultos-3o-trimestre-de-1996","status":"publish","type":"product","link":"https:\/\/casadolivreiro.pt\/index.php\/product\/licoes-biblicas-jovens-e-adultos-3o-trimestre-de-1996\/","title":{"rendered":"LI\u00c7\u00d5ES B\u00cdBLICAS: Jovens e adultos, 3\u00ba Trimestre de 1996"},"content":{"rendered":"<p>LI\u00c7\u00d5ES B\u00cdBLICAS: Jovens e adultos, 3\u00ba Trimestre de 1996<\/p>\n<p>Ano de edi\u00e7\u00e3o:\u00a0 1996<\/p>\n<p>Editor: Casa Publicadora das Assembleias de Deus<\/p>\n<p>Idioma: Portugu\u00eas<\/p>\n<p>Dimens\u00f5es: 13.7 x 0.3 x 21<\/p>\n<p>Encaderna\u00e7\u00e3o: capa mole<\/p>\n<p>P\u00e1ginas: 64<\/p>\n","protected":false},"excerpt":{"rendered":"<p>LI\u00c7\u00d5ES B\u00cdBLICAS: Jovens e adultos, 3\u00ba Trimestre de 1996 Ano de edi\u00e7\u00e3o:\u00a0 1996 Editor: Casa Publicadora das Assembleias de Deus Idioma: Portugu\u00eas Dimens\u00f5es: 13.7 x 0.3 x 21 Encaderna\u00e7\u00e3o: capa mole P\u00e1ginas: 64<\/p>\n","protected":false},"featured_media":4616,"comment_status":"open","ping_status":"closed","template":"","meta":{"om_disable_all_campaigns":false,"_monsterinsights_skip_tracking":false,"_monsterinsights_sitenote_active":false,"_monsterinsights_sitenote_note":"","_monsterinsights_sitenote_category":0,"_uf_show_specific_survey":0,"_uf_disable_surveys":false},"product_cat":[33,65],"product_tag":[],"aioseo_notices":[],"jetpack_sharing_enabled":true,"_links":{"self":[{"href":"https:\/\/casadolivreiro.pt\/index.php\/wp-json\/wp\/v2\/product\/4615"}],"collection":[{"href":"https:\/\/casadolivreiro.pt\/index.php\/wp-json\/wp\/v2\/product"}],"about":[{"href":"https:\/\/casadolivreiro.pt\/index.php\/wp-json\/wp\/v2\/types\/product"}],"replies":[{"embeddable":true,"href":"https:\/\/casadolivreiro.pt\/index.php\/wp-json\/wp\/v2\/comments?post=4615"}],"wp:featuredmedia":[{"embeddable":true,"href":"https:\/\/casadolivreiro.pt\/index.php\/wp-json\/wp\/v2\/media\/4616"}],"wp:attachment":[{"href":"https:\/\/casadolivreiro.pt\/index.php\/wp-json\/wp\/v2\/media?parent=4615"}],"wp:term":[{"taxonomy":"product_cat","embeddable":true,"href":"https:\/\/casadolivreiro.pt\/index.php\/wp-json\/wp\/v2\/product_cat?post=4615"},{"taxonomy":"product_tag","embeddable":true,"href":"https:\/\/casadolivreiro.pt\/index.php\/wp-json\/wp\/v2\/product_tag?post=4615"}],"curies":[{"name":"wp","href":"https:\/\/api.w.org\/{rel}","templated":true}]}}