{"id":461,"date":"2024-03-13T12:47:45","date_gmt":"2024-03-13T12:47:45","guid":{"rendered":"https:\/\/casadolivreiro.pt\/?post_type=product&#038;p=461"},"modified":"2024-03-13T12:47:45","modified_gmt":"2024-03-13T12:47:45","slug":"novalis-henri-dofterdingen-traduit-er-preface-par-m-camus-collection-bilingue","status":"publish","type":"product","link":"https:\/\/casadolivreiro.pt\/index.php\/product\/novalis-henri-dofterdingen-traduit-er-preface-par-m-camus-collection-bilingue\/","title":{"rendered":"NOVALIS: HENRI D\u2019OFTERDINGEN &#8211; Traduit er pr\u00e9fac\u00e9 par M. Camus &#8211; Collection bilingue"},"content":{"rendered":"<p>NOVALIS: HENRI D\u2019OFTERDINGEN<br \/>\nTraduit er pr\u00e9fac\u00e9 par M. Camus<br \/>\nCollection bilingue<br \/>\nEditor: Aubier, \u00c9ditions Montaigne<br \/>\nData de Lan\u00e7amento: 1976 (?)<br \/>\nIdioma:\u00a0 Alem\u00e3o &#8211; Franc\u00eas<br \/>\nDimens\u00f5es: 12 x 2.8 x 18.7<br \/>\nEncaderna\u00e7\u00e3o: Capa mole<br \/>\nP\u00e1ginas: 423<\/p>\n","protected":false},"excerpt":{"rendered":"<p>NOVALIS: HENRI D\u2019OFTERDINGEN Traduit er pr\u00e9fac\u00e9 par M. Camus Collection bilingue Editor: Aubier, \u00c9ditions Montaigne Data de Lan\u00e7amento: 1976 (?) Idioma:\u00a0 Alem\u00e3o &#8211; Franc\u00eas Dimens\u00f5es: 12 x 2.8 x 18.7 Encaderna\u00e7\u00e3o: Capa mole P\u00e1ginas: 423<\/p>\n","protected":false},"featured_media":462,"comment_status":"open","ping_status":"closed","template":"","meta":{"om_disable_all_campaigns":false,"_monsterinsights_skip_tracking":false,"_monsterinsights_sitenote_active":false,"_monsterinsights_sitenote_note":"","_monsterinsights_sitenote_category":0,"_uf_show_specific_survey":0,"_uf_disable_surveys":false},"product_cat":[58,56],"product_tag":[],"aioseo_notices":[],"jetpack_sharing_enabled":true,"_links":{"self":[{"href":"https:\/\/casadolivreiro.pt\/index.php\/wp-json\/wp\/v2\/product\/461"}],"collection":[{"href":"https:\/\/casadolivreiro.pt\/index.php\/wp-json\/wp\/v2\/product"}],"about":[{"href":"https:\/\/casadolivreiro.pt\/index.php\/wp-json\/wp\/v2\/types\/product"}],"replies":[{"embeddable":true,"href":"https:\/\/casadolivreiro.pt\/index.php\/wp-json\/wp\/v2\/comments?post=461"}],"wp:featuredmedia":[{"embeddable":true,"href":"https:\/\/casadolivreiro.pt\/index.php\/wp-json\/wp\/v2\/media\/462"}],"wp:attachment":[{"href":"https:\/\/casadolivreiro.pt\/index.php\/wp-json\/wp\/v2\/media?parent=461"}],"wp:term":[{"taxonomy":"product_cat","embeddable":true,"href":"https:\/\/casadolivreiro.pt\/index.php\/wp-json\/wp\/v2\/product_cat?post=461"},{"taxonomy":"product_tag","embeddable":true,"href":"https:\/\/casadolivreiro.pt\/index.php\/wp-json\/wp\/v2\/product_tag?post=461"}],"curies":[{"name":"wp","href":"https:\/\/api.w.org\/{rel}","templated":true}]}}