{"id":458,"date":"2024-03-13T12:44:11","date_gmt":"2024-03-13T12:44:11","guid":{"rendered":"https:\/\/casadolivreiro.pt\/?post_type=product&#038;p=458"},"modified":"2024-03-13T12:44:11","modified_gmt":"2024-03-13T12:44:11","slug":"goethe-le-second-faust-2-volumes-act-1-2-e-act-3-5-traduit-er-preface-par-henri-lichtenberger-collection-bilingue","status":"publish","type":"product","link":"https:\/\/casadolivreiro.pt\/index.php\/product\/goethe-le-second-faust-2-volumes-act-1-2-e-act-3-5-traduit-er-preface-par-henri-lichtenberger-collection-bilingue\/","title":{"rendered":"GOETHE:  LE SECOND FAUST  (2 Volumes) Act 1-2 e Act 3-5 Traduit er pr\u00e9fac\u00e9 par Henri Lichtenberger Collection bilingue"},"content":{"rendered":"<p>GOETHE:\u00a0 LE SECOND FAUST\u00a0 (2 Volumes) Act 1-2 e Act 3-5<br \/>\nTraduit er pr\u00e9fac\u00e9 par Henri Lichtenberger<br \/>\nCollection bilingue<br \/>\nEditor: Aubier, \u00c9ditions Montaigne<br \/>\nData de Lan\u00e7amento: 1976<br \/>\nIdioma:\u00a0 Alem\u00e3o &#8211; Franc\u00eas<br \/>\nDimens\u00f5es: 12 x 2 x 18.7cm, 12 x 2.8 x 18.7 cm<br \/>\nEncaderna\u00e7\u00e3o: Capa mole<br \/>\nP\u00e1ginas: (258) (258) 130) (130)<\/p>\n","protected":false},"excerpt":{"rendered":"<p>GOETHE:\u00a0 LE SECOND FAUST\u00a0 (2 Volumes) Act 1-2 e Act 3-5 Traduit er pr\u00e9fac\u00e9 par Henri Lichtenberger Collection bilingue Editor: Aubier, \u00c9ditions Montaigne Data de Lan\u00e7amento: 1976 Idioma:\u00a0 Alem\u00e3o &#8211; Franc\u00eas Dimens\u00f5es: 12 x 2 x 18.7cm, 12 x 2.8 x 18.7 cm Encaderna\u00e7\u00e3o: Capa mole P\u00e1ginas: (258) (258) 130) (130)<\/p>\n","protected":false},"featured_media":459,"comment_status":"open","ping_status":"closed","template":"","meta":{"om_disable_all_campaigns":false,"_monsterinsights_skip_tracking":false,"_monsterinsights_sitenote_active":false,"_monsterinsights_sitenote_note":"","_monsterinsights_sitenote_category":0,"_uf_show_specific_survey":0,"_uf_disable_surveys":false},"product_cat":[58,56],"product_tag":[],"aioseo_notices":[],"jetpack_sharing_enabled":true,"_links":{"self":[{"href":"https:\/\/casadolivreiro.pt\/index.php\/wp-json\/wp\/v2\/product\/458"}],"collection":[{"href":"https:\/\/casadolivreiro.pt\/index.php\/wp-json\/wp\/v2\/product"}],"about":[{"href":"https:\/\/casadolivreiro.pt\/index.php\/wp-json\/wp\/v2\/types\/product"}],"replies":[{"embeddable":true,"href":"https:\/\/casadolivreiro.pt\/index.php\/wp-json\/wp\/v2\/comments?post=458"}],"wp:featuredmedia":[{"embeddable":true,"href":"https:\/\/casadolivreiro.pt\/index.php\/wp-json\/wp\/v2\/media\/459"}],"wp:attachment":[{"href":"https:\/\/casadolivreiro.pt\/index.php\/wp-json\/wp\/v2\/media?parent=458"}],"wp:term":[{"taxonomy":"product_cat","embeddable":true,"href":"https:\/\/casadolivreiro.pt\/index.php\/wp-json\/wp\/v2\/product_cat?post=458"},{"taxonomy":"product_tag","embeddable":true,"href":"https:\/\/casadolivreiro.pt\/index.php\/wp-json\/wp\/v2\/product_tag?post=458"}],"curies":[{"name":"wp","href":"https:\/\/api.w.org\/{rel}","templated":true}]}}