{"id":4576,"date":"2025-04-13T19:45:01","date_gmt":"2025-04-13T19:45:01","guid":{"rendered":"https:\/\/casadolivreiro.pt\/?post_type=product&#038;p=4576"},"modified":"2025-04-13T19:45:01","modified_gmt":"2025-04-13T19:45:01","slug":"via-sacra-plinio-correa-de-oliveira","status":"publish","type":"product","link":"https:\/\/casadolivreiro.pt\/index.php\/product\/via-sacra-plinio-correa-de-oliveira\/","title":{"rendered":"VIA SACRA \u2013 Plinio Corr\u00eaa de Oliveira"},"content":{"rendered":"<p>VIA SACRA \u2013 Plinio Corr\u00eaa de Oliveira<\/p>\n<p>Ano de edi\u00e7\u00e3o:\u00a0 1998<\/p>\n<p>Editor: Centro Cultural Reconquista, Lisboa<\/p>\n<p>Idioma: Portugu\u00eas<\/p>\n<p>Dimens\u00f5es: 12 x 0.4 x 15.5<\/p>\n<p>Encaderna\u00e7\u00e3o: capa mole<\/p>\n<p>P\u00e1ginas: 64<\/p>\n","protected":false},"excerpt":{"rendered":"<p>VIA SACRA \u2013 Plinio Corr\u00eaa de Oliveira Ano de edi\u00e7\u00e3o:\u00a0 1998 Editor: Centro Cultural Reconquista, Lisboa Idioma: Portugu\u00eas Dimens\u00f5es: 12 x 0.4 x 15.5 Encaderna\u00e7\u00e3o: capa mole P\u00e1ginas: 64<\/p>\n","protected":false},"featured_media":4577,"comment_status":"open","ping_status":"closed","template":"","meta":{"om_disable_all_campaigns":false,"_monsterinsights_skip_tracking":false,"_monsterinsights_sitenote_active":false,"_monsterinsights_sitenote_note":"","_monsterinsights_sitenote_category":0,"_uf_show_specific_survey":0,"_uf_disable_surveys":false},"product_cat":[33],"product_tag":[],"aioseo_notices":[],"jetpack_sharing_enabled":true,"_links":{"self":[{"href":"https:\/\/casadolivreiro.pt\/index.php\/wp-json\/wp\/v2\/product\/4576"}],"collection":[{"href":"https:\/\/casadolivreiro.pt\/index.php\/wp-json\/wp\/v2\/product"}],"about":[{"href":"https:\/\/casadolivreiro.pt\/index.php\/wp-json\/wp\/v2\/types\/product"}],"replies":[{"embeddable":true,"href":"https:\/\/casadolivreiro.pt\/index.php\/wp-json\/wp\/v2\/comments?post=4576"}],"wp:featuredmedia":[{"embeddable":true,"href":"https:\/\/casadolivreiro.pt\/index.php\/wp-json\/wp\/v2\/media\/4577"}],"wp:attachment":[{"href":"https:\/\/casadolivreiro.pt\/index.php\/wp-json\/wp\/v2\/media?parent=4576"}],"wp:term":[{"taxonomy":"product_cat","embeddable":true,"href":"https:\/\/casadolivreiro.pt\/index.php\/wp-json\/wp\/v2\/product_cat?post=4576"},{"taxonomy":"product_tag","embeddable":true,"href":"https:\/\/casadolivreiro.pt\/index.php\/wp-json\/wp\/v2\/product_tag?post=4576"}],"curies":[{"name":"wp","href":"https:\/\/api.w.org\/{rel}","templated":true}]}}