{"id":4570,"date":"2025-04-13T19:26:41","date_gmt":"2025-04-13T19:26:41","guid":{"rendered":"https:\/\/casadolivreiro.pt\/?post_type=product&#038;p=4570"},"modified":"2026-01-11T15:44:51","modified_gmt":"2026-01-11T15:44:51","slug":"catecismo-da-doutrina-crista","status":"publish","type":"product","link":"https:\/\/casadolivreiro.pt\/index.php\/product\/catecismo-da-doutrina-crista\/","title":{"rendered":"CATECISMO DA DOUTRINA CRIST\u00c3"},"content":{"rendered":"<p>CATECISMO DA DOUTRINA CRIST\u00c3<\/p>\n<p>Ano de edi\u00e7\u00e3o:\u00a0 1976<\/p>\n<p>Editor: Livraria Telos Editora, Porto<\/p>\n<p>Idioma: Portugu\u00eas<\/p>\n<p>Dimens\u00f5es: 9.5 x 0.4 x 13.3<\/p>\n<p>Encaderna\u00e7\u00e3o: capa mole<\/p>\n<p>P\u00e1ginas: 99<\/p>\n","protected":false},"excerpt":{"rendered":"<p>CATECISMO DA DOUTRINA CRIST\u00c3 Ano de edi\u00e7\u00e3o:\u00a0 1976 Editor: Livraria Telos Editora, Porto Idioma: Portugu\u00eas Dimens\u00f5es: 9.5 x 0.4 x 13.3 Encaderna\u00e7\u00e3o: capa mole P\u00e1ginas: 99<\/p>\n","protected":false},"featured_media":4571,"comment_status":"open","ping_status":"closed","template":"","meta":{"om_disable_all_campaigns":false,"_monsterinsights_skip_tracking":false,"_monsterinsights_sitenote_active":false,"_monsterinsights_sitenote_note":"","_monsterinsights_sitenote_category":0,"_uf_show_specific_survey":0,"_uf_disable_surveys":false},"product_cat":[33],"product_tag":[],"aioseo_notices":[],"jetpack_sharing_enabled":true,"_links":{"self":[{"href":"https:\/\/casadolivreiro.pt\/index.php\/wp-json\/wp\/v2\/product\/4570"}],"collection":[{"href":"https:\/\/casadolivreiro.pt\/index.php\/wp-json\/wp\/v2\/product"}],"about":[{"href":"https:\/\/casadolivreiro.pt\/index.php\/wp-json\/wp\/v2\/types\/product"}],"replies":[{"embeddable":true,"href":"https:\/\/casadolivreiro.pt\/index.php\/wp-json\/wp\/v2\/comments?post=4570"}],"wp:featuredmedia":[{"embeddable":true,"href":"https:\/\/casadolivreiro.pt\/index.php\/wp-json\/wp\/v2\/media\/4571"}],"wp:attachment":[{"href":"https:\/\/casadolivreiro.pt\/index.php\/wp-json\/wp\/v2\/media?parent=4570"}],"wp:term":[{"taxonomy":"product_cat","embeddable":true,"href":"https:\/\/casadolivreiro.pt\/index.php\/wp-json\/wp\/v2\/product_cat?post=4570"},{"taxonomy":"product_tag","embeddable":true,"href":"https:\/\/casadolivreiro.pt\/index.php\/wp-json\/wp\/v2\/product_tag?post=4570"}],"curies":[{"name":"wp","href":"https:\/\/api.w.org\/{rel}","templated":true}]}}