{"id":4557,"date":"2025-04-13T16:28:00","date_gmt":"2025-04-13T16:28:00","guid":{"rendered":"https:\/\/casadolivreiro.pt\/?post_type=product&#038;p=4557"},"modified":"2025-04-13T16:28:00","modified_gmt":"2025-04-13T16:28:00","slug":"in-search-of-the-common-good-christian-fidelity-in-a-fractured-world-jake-meador","status":"publish","type":"product","link":"https:\/\/casadolivreiro.pt\/index.php\/product\/in-search-of-the-common-good-christian-fidelity-in-a-fractured-world-jake-meador\/","title":{"rendered":"IN SEARCH OF THE COMMON GOOD: Christian Fidelity in a Fractured World \u2013 Jake Meador"},"content":{"rendered":"<p>IN SEARCH OF THE COMMON GOOD: Christian Fidelity in a Fractured World \u2013 Jake Meador<\/p>\n<p>Ano de edi\u00e7\u00e3o:\u00a0 2019 (Advance Reader Copy -uncorrected proof)<\/p>\n<p>Editor: InterVarsity Press<\/p>\n<p>Idioma: Ingl\u00eas<\/p>\n<p>Dimens\u00f5es: 14 x 1.4 x 21<\/p>\n<p>Encaderna\u00e7\u00e3o: capa mole<\/p>\n<p>P\u00e1ginas: 200<\/p>\n","protected":false},"excerpt":{"rendered":"<p>IN SEARCH OF THE COMMON GOOD: Christian Fidelity in a Fractured World \u2013 Jake Meador Ano de edi\u00e7\u00e3o:\u00a0 2019 (Advance Reader Copy -uncorrected proof) Editor: InterVarsity Press Idioma: Ingl\u00eas Dimens\u00f5es: 14 x 1.4 x 21 Encaderna\u00e7\u00e3o: capa mole P\u00e1ginas: 200<\/p>\n","protected":false},"featured_media":4558,"comment_status":"open","ping_status":"closed","template":"","meta":{"om_disable_all_campaigns":false,"_monsterinsights_skip_tracking":false,"_monsterinsights_sitenote_active":false,"_monsterinsights_sitenote_note":"","_monsterinsights_sitenote_category":0,"_uf_show_specific_survey":0,"_uf_disable_surveys":false},"product_cat":[33,55],"product_tag":[],"aioseo_notices":[],"jetpack_sharing_enabled":true,"_links":{"self":[{"href":"https:\/\/casadolivreiro.pt\/index.php\/wp-json\/wp\/v2\/product\/4557"}],"collection":[{"href":"https:\/\/casadolivreiro.pt\/index.php\/wp-json\/wp\/v2\/product"}],"about":[{"href":"https:\/\/casadolivreiro.pt\/index.php\/wp-json\/wp\/v2\/types\/product"}],"replies":[{"embeddable":true,"href":"https:\/\/casadolivreiro.pt\/index.php\/wp-json\/wp\/v2\/comments?post=4557"}],"wp:featuredmedia":[{"embeddable":true,"href":"https:\/\/casadolivreiro.pt\/index.php\/wp-json\/wp\/v2\/media\/4558"}],"wp:attachment":[{"href":"https:\/\/casadolivreiro.pt\/index.php\/wp-json\/wp\/v2\/media?parent=4557"}],"wp:term":[{"taxonomy":"product_cat","embeddable":true,"href":"https:\/\/casadolivreiro.pt\/index.php\/wp-json\/wp\/v2\/product_cat?post=4557"},{"taxonomy":"product_tag","embeddable":true,"href":"https:\/\/casadolivreiro.pt\/index.php\/wp-json\/wp\/v2\/product_tag?post=4557"}],"curies":[{"name":"wp","href":"https:\/\/api.w.org\/{rel}","templated":true}]}}