{"id":4553,"date":"2025-04-13T16:16:18","date_gmt":"2025-04-13T16:16:18","guid":{"rendered":"https:\/\/casadolivreiro.pt\/?post_type=product&#038;p=4553"},"modified":"2025-04-13T16:16:19","modified_gmt":"2025-04-13T16:16:19","slug":"os-deuses-da-terra-gibran-khalil-gibran","status":"publish","type":"product","link":"https:\/\/casadolivreiro.pt\/index.php\/product\/os-deuses-da-terra-gibran-khalil-gibran\/","title":{"rendered":"OS DEUSES DA TERRA \u2013 Gibran Khalil Gibran"},"content":{"rendered":"<p>OS DEUSES DA TERRA \u2013 Gibran Khalil Gibran<\/p>\n<p>Tradu\u00e7\u00e3o e apresenta\u00e7\u00e3o de Mansour Challita<\/p>\n<p>Ano de edi\u00e7\u00e3o:<\/p>\n<p>Editor: Associa\u00e7\u00e3o Cultural Internacional Gibran<\/p>\n<p>Idioma: Portugu\u00eas<\/p>\n<p>Dimens\u00f5es: 13.9 x 0.5 x 20.9<\/p>\n<p>Encaderna\u00e7\u00e3o: capa mole<\/p>\n<p>P\u00e1ginas: 81<\/p>\n","protected":false},"excerpt":{"rendered":"<p>OS DEUSES DA TERRA \u2013 Gibran Khalil Gibran Tradu\u00e7\u00e3o e apresenta\u00e7\u00e3o de Mansour Challita Ano de edi\u00e7\u00e3o: Editor: Associa\u00e7\u00e3o Cultural Internacional Gibran Idioma: Portugu\u00eas Dimens\u00f5es: 13.9 x 0.5 x 20.9 Encaderna\u00e7\u00e3o: capa mole P\u00e1ginas: 81<\/p>\n","protected":false},"featured_media":4554,"comment_status":"open","ping_status":"closed","template":"","meta":{"om_disable_all_campaigns":false,"_monsterinsights_skip_tracking":false,"_monsterinsights_sitenote_active":false,"_monsterinsights_sitenote_note":"","_monsterinsights_sitenote_category":0,"_uf_show_specific_survey":0,"_uf_disable_surveys":false},"product_cat":[33,27],"product_tag":[],"aioseo_notices":[],"jetpack_sharing_enabled":true,"_links":{"self":[{"href":"https:\/\/casadolivreiro.pt\/index.php\/wp-json\/wp\/v2\/product\/4553"}],"collection":[{"href":"https:\/\/casadolivreiro.pt\/index.php\/wp-json\/wp\/v2\/product"}],"about":[{"href":"https:\/\/casadolivreiro.pt\/index.php\/wp-json\/wp\/v2\/types\/product"}],"replies":[{"embeddable":true,"href":"https:\/\/casadolivreiro.pt\/index.php\/wp-json\/wp\/v2\/comments?post=4553"}],"wp:featuredmedia":[{"embeddable":true,"href":"https:\/\/casadolivreiro.pt\/index.php\/wp-json\/wp\/v2\/media\/4554"}],"wp:attachment":[{"href":"https:\/\/casadolivreiro.pt\/index.php\/wp-json\/wp\/v2\/media?parent=4553"}],"wp:term":[{"taxonomy":"product_cat","embeddable":true,"href":"https:\/\/casadolivreiro.pt\/index.php\/wp-json\/wp\/v2\/product_cat?post=4553"},{"taxonomy":"product_tag","embeddable":true,"href":"https:\/\/casadolivreiro.pt\/index.php\/wp-json\/wp\/v2\/product_tag?post=4553"}],"curies":[{"name":"wp","href":"https:\/\/api.w.org\/{rel}","templated":true}]}}