{"id":4547,"date":"2025-04-13T15:56:06","date_gmt":"2025-04-13T15:56:06","guid":{"rendered":"https:\/\/casadolivreiro.pt\/?post_type=product&#038;p=4547"},"modified":"2025-04-13T15:56:06","modified_gmt":"2025-04-13T15:56:06","slug":"entre-a-noite-e-a-manha-kahlil-gibran","status":"publish","type":"product","link":"https:\/\/casadolivreiro.pt\/index.php\/product\/entre-a-noite-e-a-manha-kahlil-gibran\/","title":{"rendered":"ENTRE A NOITE E A MANH\u00c3 \u2013 Kahlil Gibran"},"content":{"rendered":"<p>ENTRE A NOITE E A MANH\u00c3 \u2013 Kahlil Gibran<\/p>\n<p>Tradu\u00e7\u00e3o de Jos\u00e9 Luis Nascimento dos Santos<\/p>\n<p>Ano de edi\u00e7\u00e3o:\u00a0 1996<\/p>\n<p>Editor: Livros de Vida<\/p>\n<p>Idioma: Portugu\u00eas<\/p>\n<p>Dimens\u00f5es: 14 x 0.7 x 21<\/p>\n<p>Encaderna\u00e7\u00e3o: capa mole<\/p>\n<p>P\u00e1ginas: 76<\/p>\n","protected":false},"excerpt":{"rendered":"<p>ENTRE A NOITE E A MANH\u00c3 \u2013 Kahlil Gibran Tradu\u00e7\u00e3o de Jos\u00e9 Luis Nascimento dos Santos Ano de edi\u00e7\u00e3o:\u00a0 1996 Editor: Livros de Vida Idioma: Portugu\u00eas Dimens\u00f5es: 14 x 0.7 x 21 Encaderna\u00e7\u00e3o: capa mole P\u00e1ginas: 76<\/p>\n","protected":false},"featured_media":4549,"comment_status":"open","ping_status":"closed","template":"","meta":{"om_disable_all_campaigns":false,"_monsterinsights_skip_tracking":false,"_monsterinsights_sitenote_active":false,"_monsterinsights_sitenote_note":"","_monsterinsights_sitenote_category":0,"_uf_show_specific_survey":0,"_uf_disable_surveys":false},"product_cat":[33],"product_tag":[],"aioseo_notices":[],"jetpack_sharing_enabled":true,"_links":{"self":[{"href":"https:\/\/casadolivreiro.pt\/index.php\/wp-json\/wp\/v2\/product\/4547"}],"collection":[{"href":"https:\/\/casadolivreiro.pt\/index.php\/wp-json\/wp\/v2\/product"}],"about":[{"href":"https:\/\/casadolivreiro.pt\/index.php\/wp-json\/wp\/v2\/types\/product"}],"replies":[{"embeddable":true,"href":"https:\/\/casadolivreiro.pt\/index.php\/wp-json\/wp\/v2\/comments?post=4547"}],"wp:featuredmedia":[{"embeddable":true,"href":"https:\/\/casadolivreiro.pt\/index.php\/wp-json\/wp\/v2\/media\/4549"}],"wp:attachment":[{"href":"https:\/\/casadolivreiro.pt\/index.php\/wp-json\/wp\/v2\/media?parent=4547"}],"wp:term":[{"taxonomy":"product_cat","embeddable":true,"href":"https:\/\/casadolivreiro.pt\/index.php\/wp-json\/wp\/v2\/product_cat?post=4547"},{"taxonomy":"product_tag","embeddable":true,"href":"https:\/\/casadolivreiro.pt\/index.php\/wp-json\/wp\/v2\/product_tag?post=4547"}],"curies":[{"name":"wp","href":"https:\/\/api.w.org\/{rel}","templated":true}]}}