{"id":4545,"date":"2025-04-13T15:51:30","date_gmt":"2025-04-13T15:51:30","guid":{"rendered":"https:\/\/casadolivreiro.pt\/?post_type=product&#038;p=4545"},"modified":"2025-04-13T15:51:30","modified_gmt":"2025-04-13T15:51:30","slug":"segredos-do-coracao-kahlil-gibran","status":"publish","type":"product","link":"https:\/\/casadolivreiro.pt\/index.php\/product\/segredos-do-coracao-kahlil-gibran\/","title":{"rendered":"SEGREDOS DO CORA\u00c7\u00c3O \u2013 Kahlil Gibran"},"content":{"rendered":"<p>SEGREDOS DO CORA\u00c7\u00c3O \u2013 Kahlil Gibran<\/p>\n<p>Tradu\u00e7\u00e3o de Carla Pinhal<\/p>\n<p>Ano de edi\u00e7\u00e3o:\u00a0 1999<\/p>\n<p>Editor: Livros de Vida<\/p>\n<p>Idioma: Portugu\u00eas<\/p>\n<p>Dimens\u00f5es: 14 x 0.7 x 20.8<\/p>\n<p>Encaderna\u00e7\u00e3o: capa mole<\/p>\n<p>P\u00e1ginas: 99<\/p>\n","protected":false},"excerpt":{"rendered":"<p>SEGREDOS DO CORA\u00c7\u00c3O \u2013 Kahlil Gibran Tradu\u00e7\u00e3o de Carla Pinhal Ano de edi\u00e7\u00e3o:\u00a0 1999 Editor: Livros de Vida Idioma: Portugu\u00eas Dimens\u00f5es: 14 x 0.7 x 20.8 Encaderna\u00e7\u00e3o: capa mole P\u00e1ginas: 99<\/p>\n","protected":false},"featured_media":4546,"comment_status":"open","ping_status":"closed","template":"","meta":{"om_disable_all_campaigns":false,"_monsterinsights_skip_tracking":false,"_monsterinsights_sitenote_active":false,"_monsterinsights_sitenote_note":"","_monsterinsights_sitenote_category":0,"_uf_show_specific_survey":0,"_uf_disable_surveys":false},"product_cat":[33],"product_tag":[],"aioseo_notices":[],"jetpack_sharing_enabled":true,"_links":{"self":[{"href":"https:\/\/casadolivreiro.pt\/index.php\/wp-json\/wp\/v2\/product\/4545"}],"collection":[{"href":"https:\/\/casadolivreiro.pt\/index.php\/wp-json\/wp\/v2\/product"}],"about":[{"href":"https:\/\/casadolivreiro.pt\/index.php\/wp-json\/wp\/v2\/types\/product"}],"replies":[{"embeddable":true,"href":"https:\/\/casadolivreiro.pt\/index.php\/wp-json\/wp\/v2\/comments?post=4545"}],"wp:featuredmedia":[{"embeddable":true,"href":"https:\/\/casadolivreiro.pt\/index.php\/wp-json\/wp\/v2\/media\/4546"}],"wp:attachment":[{"href":"https:\/\/casadolivreiro.pt\/index.php\/wp-json\/wp\/v2\/media?parent=4545"}],"wp:term":[{"taxonomy":"product_cat","embeddable":true,"href":"https:\/\/casadolivreiro.pt\/index.php\/wp-json\/wp\/v2\/product_cat?post=4545"},{"taxonomy":"product_tag","embeddable":true,"href":"https:\/\/casadolivreiro.pt\/index.php\/wp-json\/wp\/v2\/product_tag?post=4545"}],"curies":[{"name":"wp","href":"https:\/\/api.w.org\/{rel}","templated":true}]}}