{"id":4543,"date":"2025-04-13T15:43:53","date_gmt":"2025-04-13T15:43:53","guid":{"rendered":"https:\/\/casadolivreiro.pt\/?post_type=product&#038;p=4543"},"modified":"2025-04-13T15:43:53","modified_gmt":"2025-04-13T15:43:53","slug":"evangelhos-e-actos-dos-apostolos-traducao-do-texto-grego-e-introducoes-do-conego-jose-falcao","status":"publish","type":"product","link":"https:\/\/casadolivreiro.pt\/index.php\/product\/evangelhos-e-actos-dos-apostolos-traducao-do-texto-grego-e-introducoes-do-conego-jose-falcao\/","title":{"rendered":"EVANGELHOS E ACTOS DOS AP\u00d3STOLOS Tradu\u00e7\u00e3o do texto grego e introdu\u00e7\u00f5es do Conego JOS\u00c9 FALCAO"},"content":{"rendered":"<p>EVANGELHOS E ACTOS DOS AP\u00d3STOLOS<\/p>\n<p>Tradu\u00e7\u00e3o do texto grego e introdu\u00e7\u00f5es do Conego JOS\u00c9 FALCAO<\/p>\n<p>Ano de edi\u00e7\u00e3o:\u00a0 1957<\/p>\n<p>Editor: Logos<\/p>\n<p>Idioma: Portugu\u00eas<\/p>\n<p>Dimens\u00f5es: 11.5 x 1.8 x 16.5<\/p>\n<p>Encaderna\u00e7\u00e3o: capa mole<\/p>\n<p>P\u00e1ginas: 335<\/p>\n","protected":false},"excerpt":{"rendered":"<p>EVANGELHOS E ACTOS DOS AP\u00d3STOLOS Tradu\u00e7\u00e3o do texto grego e introdu\u00e7\u00f5es do Conego JOS\u00c9 FALCAO Ano de edi\u00e7\u00e3o:\u00a0 1957 Editor: Logos Idioma: Portugu\u00eas Dimens\u00f5es: 11.5 x 1.8 x 16.5 Encaderna\u00e7\u00e3o: capa mole P\u00e1ginas: 335<\/p>\n","protected":false},"featured_media":4544,"comment_status":"open","ping_status":"closed","template":"","meta":{"om_disable_all_campaigns":false,"_monsterinsights_skip_tracking":false,"_monsterinsights_sitenote_active":false,"_monsterinsights_sitenote_note":"","_monsterinsights_sitenote_category":0,"_uf_show_specific_survey":0,"_uf_disable_surveys":false},"product_cat":[33],"product_tag":[],"aioseo_notices":[],"jetpack_sharing_enabled":true,"_links":{"self":[{"href":"https:\/\/casadolivreiro.pt\/index.php\/wp-json\/wp\/v2\/product\/4543"}],"collection":[{"href":"https:\/\/casadolivreiro.pt\/index.php\/wp-json\/wp\/v2\/product"}],"about":[{"href":"https:\/\/casadolivreiro.pt\/index.php\/wp-json\/wp\/v2\/types\/product"}],"replies":[{"embeddable":true,"href":"https:\/\/casadolivreiro.pt\/index.php\/wp-json\/wp\/v2\/comments?post=4543"}],"wp:featuredmedia":[{"embeddable":true,"href":"https:\/\/casadolivreiro.pt\/index.php\/wp-json\/wp\/v2\/media\/4544"}],"wp:attachment":[{"href":"https:\/\/casadolivreiro.pt\/index.php\/wp-json\/wp\/v2\/media?parent=4543"}],"wp:term":[{"taxonomy":"product_cat","embeddable":true,"href":"https:\/\/casadolivreiro.pt\/index.php\/wp-json\/wp\/v2\/product_cat?post=4543"},{"taxonomy":"product_tag","embeddable":true,"href":"https:\/\/casadolivreiro.pt\/index.php\/wp-json\/wp\/v2\/product_tag?post=4543"}],"curies":[{"name":"wp","href":"https:\/\/api.w.org\/{rel}","templated":true}]}}