{"id":4541,"date":"2025-04-13T15:34:33","date_gmt":"2025-04-13T15:34:33","guid":{"rendered":"https:\/\/casadolivreiro.pt\/?post_type=product&#038;p=4541"},"modified":"2026-01-11T15:37:35","modified_gmt":"2026-01-11T15:37:35","slug":"oracoes-para-todos-os-fins","status":"publish","type":"product","link":"https:\/\/casadolivreiro.pt\/index.php\/product\/oracoes-para-todos-os-fins\/","title":{"rendered":"ORA\u00c7\u00d5ES PARA TODOS OS FINS"},"content":{"rendered":"<p>ORA\u00c7\u00d5ES PARA TODOS OS FINS<\/p>\n<p>Ano de edi\u00e7\u00e3o:<\/p>\n<p>Editor: Editora Espiritualista, Rio de Janeiro<\/p>\n<p>Idioma: Portugu\u00eas<\/p>\n<p>Dimens\u00f5es: 11.5 x 2.2 x 15.7<\/p>\n<p>Encaderna\u00e7\u00e3o: capa mole<\/p>\n<p>P\u00e1ginas: 414<\/p>\n","protected":false},"excerpt":{"rendered":"<p>ORA\u00c7\u00d5ES PARA TODOS OS FINS Ano de edi\u00e7\u00e3o: Editor: Editora Espiritualista, Rio de Janeiro Idioma: Portugu\u00eas Dimens\u00f5es: 11.5 x 2.2 x 15.7 Encaderna\u00e7\u00e3o: capa mole P\u00e1ginas: 414<\/p>\n","protected":false},"featured_media":4542,"comment_status":"open","ping_status":"closed","template":"","meta":{"om_disable_all_campaigns":false,"_monsterinsights_skip_tracking":false,"_monsterinsights_sitenote_active":false,"_monsterinsights_sitenote_note":"","_monsterinsights_sitenote_category":0,"_uf_show_specific_survey":0,"_uf_disable_surveys":false},"product_cat":[33],"product_tag":[],"aioseo_notices":[],"jetpack_sharing_enabled":true,"_links":{"self":[{"href":"https:\/\/casadolivreiro.pt\/index.php\/wp-json\/wp\/v2\/product\/4541"}],"collection":[{"href":"https:\/\/casadolivreiro.pt\/index.php\/wp-json\/wp\/v2\/product"}],"about":[{"href":"https:\/\/casadolivreiro.pt\/index.php\/wp-json\/wp\/v2\/types\/product"}],"replies":[{"embeddable":true,"href":"https:\/\/casadolivreiro.pt\/index.php\/wp-json\/wp\/v2\/comments?post=4541"}],"wp:featuredmedia":[{"embeddable":true,"href":"https:\/\/casadolivreiro.pt\/index.php\/wp-json\/wp\/v2\/media\/4542"}],"wp:attachment":[{"href":"https:\/\/casadolivreiro.pt\/index.php\/wp-json\/wp\/v2\/media?parent=4541"}],"wp:term":[{"taxonomy":"product_cat","embeddable":true,"href":"https:\/\/casadolivreiro.pt\/index.php\/wp-json\/wp\/v2\/product_cat?post=4541"},{"taxonomy":"product_tag","embeddable":true,"href":"https:\/\/casadolivreiro.pt\/index.php\/wp-json\/wp\/v2\/product_tag?post=4541"}],"curies":[{"name":"wp","href":"https:\/\/api.w.org\/{rel}","templated":true}]}}