{"id":4539,"date":"2025-04-13T15:28:43","date_gmt":"2025-04-13T15:28:43","guid":{"rendered":"https:\/\/casadolivreiro.pt\/?post_type=product&#038;p=4539"},"modified":"2025-04-13T15:28:44","modified_gmt":"2025-04-13T15:28:44","slug":"marcados-pelo-espirito-gregorio-mart-almendres","status":"publish","type":"product","link":"https:\/\/casadolivreiro.pt\/index.php\/product\/marcados-pelo-espirito-gregorio-mart-almendres\/","title":{"rendered":"MARCADOS PELO ESPIRITO \u2013 Greg\u00f3rio Mart. Almendres"},"content":{"rendered":"<p>MARCADOS PELO ESPIRITO \u2013 Greg\u00f3rio Mart. Almendres<\/p>\n<p>Ano de edi\u00e7\u00e3o:\u00a0 1968<\/p>\n<p>Editor: Editorial Perp\u00e9tuo Socorro<\/p>\n<p>Idioma: Portugu\u00eas<\/p>\n<p>Dimens\u00f5es: 10.5 x 1.9 x 15.2<\/p>\n<p>Encaderna\u00e7\u00e3o: capa mole<\/p>\n<p>P\u00e1ginas: 332<\/p>\n","protected":false},"excerpt":{"rendered":"<p>MARCADOS PELO ESPIRITO \u2013 Greg\u00f3rio Mart. Almendres Ano de edi\u00e7\u00e3o:\u00a0 1968 Editor: Editorial Perp\u00e9tuo Socorro Idioma: Portugu\u00eas Dimens\u00f5es: 10.5 x 1.9 x 15.2 Encaderna\u00e7\u00e3o: capa mole P\u00e1ginas: 332<\/p>\n","protected":false},"featured_media":4540,"comment_status":"open","ping_status":"closed","template":"","meta":{"om_disable_all_campaigns":false,"_monsterinsights_skip_tracking":false,"_monsterinsights_sitenote_active":false,"_monsterinsights_sitenote_note":"","_monsterinsights_sitenote_category":0,"_uf_show_specific_survey":0,"_uf_disable_surveys":false},"product_cat":[33],"product_tag":[],"aioseo_notices":[],"jetpack_sharing_enabled":true,"_links":{"self":[{"href":"https:\/\/casadolivreiro.pt\/index.php\/wp-json\/wp\/v2\/product\/4539"}],"collection":[{"href":"https:\/\/casadolivreiro.pt\/index.php\/wp-json\/wp\/v2\/product"}],"about":[{"href":"https:\/\/casadolivreiro.pt\/index.php\/wp-json\/wp\/v2\/types\/product"}],"replies":[{"embeddable":true,"href":"https:\/\/casadolivreiro.pt\/index.php\/wp-json\/wp\/v2\/comments?post=4539"}],"wp:featuredmedia":[{"embeddable":true,"href":"https:\/\/casadolivreiro.pt\/index.php\/wp-json\/wp\/v2\/media\/4540"}],"wp:attachment":[{"href":"https:\/\/casadolivreiro.pt\/index.php\/wp-json\/wp\/v2\/media?parent=4539"}],"wp:term":[{"taxonomy":"product_cat","embeddable":true,"href":"https:\/\/casadolivreiro.pt\/index.php\/wp-json\/wp\/v2\/product_cat?post=4539"},{"taxonomy":"product_tag","embeddable":true,"href":"https:\/\/casadolivreiro.pt\/index.php\/wp-json\/wp\/v2\/product_tag?post=4539"}],"curies":[{"name":"wp","href":"https:\/\/api.w.org\/{rel}","templated":true}]}}