{"id":4526,"date":"2025-04-13T00:03:18","date_gmt":"2025-04-13T00:03:18","guid":{"rendered":"https:\/\/casadolivreiro.pt\/?post_type=product&#038;p=4526"},"modified":"2025-04-13T00:03:18","modified_gmt":"2025-04-13T00:03:18","slug":"a-biblia-em-imagens-sobre-desenhos-de-francisco-dholanda-pe-dr-manuel-saraiva","status":"publish","type":"product","link":"https:\/\/casadolivreiro.pt\/index.php\/product\/a-biblia-em-imagens-sobre-desenhos-de-francisco-dholanda-pe-dr-manuel-saraiva\/","title":{"rendered":"A B\u00cdBLIA EM IMAGENS: Sobre desenhos de Francisco D\u2019Holanda &#8211; Pe. Dr. Manuel Saraiva"},"content":{"rendered":"<p>A B\u00cdBLIA EM IMAGENS: Sobre desenhos de Francisco D\u2019Holanda &#8211; Pe. Dr. Manuel Saraiva<\/p>\n<p>Ano de edi\u00e7\u00e3o:\u00a0 1991<\/p>\n<p>Editor: Edi\u00e7\u00e3o de Herdeiros do Autor<\/p>\n<p>Idioma: Portugu\u00eas<\/p>\n<p>Dimens\u00f5es: 21.5 x 1.5 x 30.3<\/p>\n<p>Encaderna\u00e7\u00e3o: capa mole<\/p>\n<p>P\u00e1ginas: 350<\/p>\n","protected":false},"excerpt":{"rendered":"<p>A B\u00cdBLIA EM IMAGENS: Sobre desenhos de Francisco D\u2019Holanda &#8211; Pe. Dr. Manuel Saraiva Ano de edi\u00e7\u00e3o:\u00a0 1991 Editor: Edi\u00e7\u00e3o de Herdeiros do Autor Idioma: Portugu\u00eas Dimens\u00f5es: 21.5 x 1.5 x 30.3 Encaderna\u00e7\u00e3o: capa mole P\u00e1ginas: 350<\/p>\n","protected":false},"featured_media":4527,"comment_status":"open","ping_status":"closed","template":"","meta":{"om_disable_all_campaigns":false,"_monsterinsights_skip_tracking":false,"_monsterinsights_sitenote_active":false,"_monsterinsights_sitenote_note":"","_monsterinsights_sitenote_category":0,"_uf_show_specific_survey":0,"_uf_disable_surveys":false},"product_cat":[24,33],"product_tag":[],"aioseo_notices":[],"jetpack_sharing_enabled":true,"_links":{"self":[{"href":"https:\/\/casadolivreiro.pt\/index.php\/wp-json\/wp\/v2\/product\/4526"}],"collection":[{"href":"https:\/\/casadolivreiro.pt\/index.php\/wp-json\/wp\/v2\/product"}],"about":[{"href":"https:\/\/casadolivreiro.pt\/index.php\/wp-json\/wp\/v2\/types\/product"}],"replies":[{"embeddable":true,"href":"https:\/\/casadolivreiro.pt\/index.php\/wp-json\/wp\/v2\/comments?post=4526"}],"wp:featuredmedia":[{"embeddable":true,"href":"https:\/\/casadolivreiro.pt\/index.php\/wp-json\/wp\/v2\/media\/4527"}],"wp:attachment":[{"href":"https:\/\/casadolivreiro.pt\/index.php\/wp-json\/wp\/v2\/media?parent=4526"}],"wp:term":[{"taxonomy":"product_cat","embeddable":true,"href":"https:\/\/casadolivreiro.pt\/index.php\/wp-json\/wp\/v2\/product_cat?post=4526"},{"taxonomy":"product_tag","embeddable":true,"href":"https:\/\/casadolivreiro.pt\/index.php\/wp-json\/wp\/v2\/product_tag?post=4526"}],"curies":[{"name":"wp","href":"https:\/\/api.w.org\/{rel}","templated":true}]}}